{"id":1200,"date":"2021-06-16T09:37:24","date_gmt":"2021-06-16T07:37:24","guid":{"rendered":"https:\/\/ttravel.ch\/chi-siamo\/"},"modified":"2022-02-10T14:13:04","modified_gmt":"2022-02-10T13:13:04","slug":"uber-uns","status":"publish","type":"page","link":"http:\/\/ttravel.ch\/de\/uber-uns\/","title":{"rendered":"\u00dcber uns"},"content":{"rendered":"\t\t<div data-elementor-type=\"wp-page\" data-elementor-id=\"1200\" class=\"elementor elementor-1200 elementor-305\">\n\t\t\t\t\t\t<section class=\"elementor-section elementor-top-section elementor-element elementor-element-2ec76529 elementor-section-full_width elementor-section-items-stretch head-page elementor-section-height-min-height elementor-section-content-middle elementor-section-height-default\" data-id=\"2ec76529\" data-element_type=\"section\" data-settings=\"{&quot;background_background&quot;:&quot;classic&quot;}\">\n\t\t\t\t\t\t<div class=\"elementor-container elementor-column-gap-default\">\n\t\t\t\t\t<div class=\"elementor-column elementor-col-100 elementor-top-column elementor-element elementor-element-5c55c390\" data-id=\"5c55c390\" data-element_type=\"column\" data-settings=\"{&quot;background_background&quot;:&quot;classic&quot;}\">\n\t\t\t<div class=\"elementor-widget-wrap elementor-element-populated\">\n\t\t\t\t\t\t<div class=\"elementor-element elementor-element-3418167 elementor-widget elementor-widget-heading\" data-id=\"3418167\" data-element_type=\"widget\" data-widget_type=\"heading.default\">\n\t\t\t\t<div class=\"elementor-widget-container\">\n\t\t\t\t\t<h1 class=\"elementor-heading-title elementor-size-default\">\u00dcber uns<\/h1>\t\t\t\t<\/div>\n\t\t\t\t<\/div>\n\t\t\t\t<div class=\"elementor-element elementor-element-fb8ad1f elementor-widget elementor-widget-heading\" data-id=\"fb8ad1f\" data-element_type=\"widget\" data-widget_type=\"heading.default\">\n\t\t\t\t<div class=\"elementor-widget-container\">\n\t\t\t\t\t<h3 class=\"elementor-heading-title elementor-size-default\">WIR BIETEN UNSEREN KUNDEN EINEN HERVORRAGENDEN SERVICE<\/h3>\t\t\t\t<\/div>\n\t\t\t\t<\/div>\n\t\t\t\t\t<\/div>\n\t\t<\/div>\n\t\t\t\t\t<\/div>\n\t\t<\/section>\n\t\t\t\t<section class=\"elementor-section elementor-top-section elementor-element elementor-element-6182c7a elementor-section-stretched elementor-section-boxed elementor-section-height-default elementor-section-height-default\" data-id=\"6182c7a\" data-element_type=\"section\" data-settings=\"{&quot;stretch_section&quot;:&quot;section-stretched&quot;,&quot;background_background&quot;:&quot;classic&quot;}\">\n\t\t\t\t\t\t<div class=\"elementor-container elementor-column-gap-default\">\n\t\t\t\t\t<div class=\"elementor-column elementor-col-50 elementor-top-column elementor-element elementor-element-522b05b\" data-id=\"522b05b\" data-element_type=\"column\">\n\t\t\t<div class=\"elementor-widget-wrap elementor-element-populated\">\n\t\t\t\t\t\t<div class=\"elementor-element elementor-element-b430650 elementor-widget elementor-widget-heading\" data-id=\"b430650\" data-element_type=\"widget\" data-widget_type=\"heading.default\">\n\t\t\t\t<div class=\"elementor-widget-container\">\n\t\t\t\t\t<h2 class=\"elementor-heading-title elementor-size-default\">Ein kleines Unternehmen, das gerade wegen seiner Gr\u00f6\u00dfe erstklassige Dienstleistungen anbietet!<\/h2>\t\t\t\t<\/div>\n\t\t\t\t<\/div>\n\t\t\t\t\t<\/div>\n\t\t<\/div>\n\t\t\t\t<div class=\"elementor-column elementor-col-50 elementor-top-column elementor-element elementor-element-a2bdfa3\" data-id=\"a2bdfa3\" data-element_type=\"column\">\n\t\t\t<div class=\"elementor-widget-wrap elementor-element-populated\">\n\t\t\t\t\t\t<div class=\"elementor-element elementor-element-e6975b7 elementor-widget elementor-widget-text-editor\" data-id=\"e6975b7\" data-element_type=\"widget\" data-widget_type=\"text-editor.default\">\n\t\t\t\t<div class=\"elementor-widget-container\">\n\t\t\t\t\t\t\t\t\t<p>Ein kleines Unternehmen, das gerade wegen seiner Gr\u00f6\u00dfe erstklassige Dienstleistungen anbietet!<\/p><p>Wir sind seit \u00fcber 20 Jahren im Bereich der Personenbef\u00f6rderung t\u00e4tig und haben in dieser Zeit <strong>3.794.000 km<\/strong> Erfahrung gesammelt!<\/p><p>Nach langj\u00e4hriger Erfahrung bei Danzas Viaggi beschlossen Carlo und Marcello Tuena im Jahr 2006, sich selbst\u00e4ndig zu machen und gr\u00fcndeten Al Sasso SA, aus der sp\u00e4ter T Travel hervorging.<\/p><p>Eine sich st\u00e4ndig erneuernde Aufgabe mit einem einzigen Ziel:<\/p><p>unseren Kunden einen hervorragenden Service zu bieten\u00a0T Travel arbeitet mit ausgew\u00e4hlten Partnern zusammen, um Ihre Anliegen bestm\u00f6glich zu erf\u00fcllen.<\/p>\t\t\t\t\t\t\t\t<\/div>\n\t\t\t\t<\/div>\n\t\t\t\t<div class=\"elementor-element elementor-element-d2f8224 elementor-widget elementor-widget-button\" data-id=\"d2f8224\" data-element_type=\"widget\" data-widget_type=\"button.default\">\n\t\t\t\t<div class=\"elementor-widget-container\">\n\t\t\t\t\t\t\t\t\t<div class=\"elementor-button-wrapper\">\n\t\t\t\t\t<a class=\"elementor-button elementor-button-link elementor-size-sm\" href=\"\/de\/kontakt\/\">\n\t\t\t\t\t\t<span class=\"elementor-button-content-wrapper\">\n\t\t\t\t\t\t\t\t\t<span class=\"elementor-button-text\">Planen Sie Ihre Reise mit uns<\/span>\n\t\t\t\t\t<\/span>\n\t\t\t\t\t<\/a>\n\t\t\t\t<\/div>\n\t\t\t\t\t\t\t\t<\/div>\n\t\t\t\t<\/div>\n\t\t\t\t\t<\/div>\n\t\t<\/div>\n\t\t\t\t\t<\/div>\n\t\t<\/section>\n\t\t\t\t<section class=\"elementor-section elementor-top-section elementor-element elementor-element-556ce42 elementor-section-content-middle elementor-section-boxed elementor-section-height-default elementor-section-height-default\" data-id=\"556ce42\" data-element_type=\"section\">\n\t\t\t\t\t\t<div class=\"elementor-container elementor-column-gap-default\">\n\t\t\t\t\t<div class=\"elementor-column elementor-col-33 elementor-top-column elementor-element elementor-element-9650ba1\" data-id=\"9650ba1\" data-element_type=\"column\">\n\t\t\t<div class=\"elementor-widget-wrap elementor-element-populated\">\n\t\t\t\t\t\t<div class=\"elementor-element elementor-element-bb7d4f6 elementor-widget elementor-widget-heading\" data-id=\"bb7d4f6\" data-element_type=\"widget\" data-widget_type=\"heading.default\">\n\t\t\t\t<div class=\"elementor-widget-container\">\n\t\t\t\t\t<h3 class=\"elementor-heading-title elementor-size-default\">Mehr als 20 Jahre Erfahrung im Individualverkehr<\/h3>\t\t\t\t<\/div>\n\t\t\t\t<\/div>\n\t\t\t\t\t<\/div>\n\t\t<\/div>\n\t\t\t\t<div class=\"elementor-column elementor-col-33 elementor-top-column elementor-element elementor-element-f8a8867\" data-id=\"f8a8867\" data-element_type=\"column\">\n\t\t\t<div class=\"elementor-widget-wrap elementor-element-populated\">\n\t\t\t\t\t\t<div class=\"elementor-element elementor-element-ae7a9be elementor-widget elementor-widget-image\" data-id=\"ae7a9be\" data-element_type=\"widget\" data-widget_type=\"image.default\">\n\t\t\t\t<div class=\"elementor-widget-container\">\n\t\t\t\t\t\t\t\t\t\t\t\t<figure class=\"wp-caption\">\n\t\t\t\t\t\t\t\t\t\t<img fetchpriority=\"high\" decoding=\"async\" width=\"500\" height=\"500\" src=\"http:\/\/ttravel.ch\/wp-content\/uploads\/2021\/06\/marcello-tuena.jpg\" class=\"attachment-large size-large wp-image-988\" alt=\"\" srcset=\"http:\/\/ttravel.ch\/wp-content\/uploads\/2021\/06\/marcello-tuena.jpg 500w, http:\/\/ttravel.ch\/wp-content\/uploads\/2021\/06\/marcello-tuena-300x300.jpg 300w, http:\/\/ttravel.ch\/wp-content\/uploads\/2021\/06\/marcello-tuena-150x150.jpg 150w\" sizes=\"(max-width: 500px) 100vw, 500px\" \/>\t\t\t\t\t\t\t\t\t\t\t<figcaption class=\"widget-image-caption wp-caption-text\">Marcello Tuena<\/figcaption>\n\t\t\t\t\t\t\t\t\t\t<\/figure>\n\t\t\t\t\t\t\t\t\t<\/div>\n\t\t\t\t<\/div>\n\t\t\t\t\t<\/div>\n\t\t<\/div>\n\t\t\t\t<div class=\"elementor-column elementor-col-33 elementor-top-column elementor-element elementor-element-d4030d7\" data-id=\"d4030d7\" data-element_type=\"column\">\n\t\t\t<div class=\"elementor-widget-wrap elementor-element-populated\">\n\t\t\t\t\t\t<div class=\"elementor-element elementor-element-fbeb558 elementor-widget elementor-widget-image\" data-id=\"fbeb558\" data-element_type=\"widget\" data-widget_type=\"image.default\">\n\t\t\t\t<div class=\"elementor-widget-container\">\n\t\t\t\t\t\t\t\t\t\t\t\t<figure class=\"wp-caption\">\n\t\t\t\t\t\t\t\t\t\t<img decoding=\"async\" width=\"500\" height=\"500\" src=\"http:\/\/ttravel.ch\/wp-content\/uploads\/2021\/06\/carlo-tuena.jpg\" class=\"attachment-large size-large wp-image-986\" alt=\"\" srcset=\"http:\/\/ttravel.ch\/wp-content\/uploads\/2021\/06\/carlo-tuena.jpg 500w, http:\/\/ttravel.ch\/wp-content\/uploads\/2021\/06\/carlo-tuena-300x300.jpg 300w, http:\/\/ttravel.ch\/wp-content\/uploads\/2021\/06\/carlo-tuena-150x150.jpg 150w\" sizes=\"(max-width: 500px) 100vw, 500px\" \/>\t\t\t\t\t\t\t\t\t\t\t<figcaption class=\"widget-image-caption wp-caption-text\">Carlo Tuena<\/figcaption>\n\t\t\t\t\t\t\t\t\t\t<\/figure>\n\t\t\t\t\t\t\t\t\t<\/div>\n\t\t\t\t<\/div>\n\t\t\t\t\t<\/div>\n\t\t<\/div>\n\t\t\t\t\t<\/div>\n\t\t<\/section>\n\t\t\t\t<\/div>\n\t\t","protected":false},"excerpt":{"rendered":"<p>\u00dcber uns WIR BIETEN UNSEREN KUNDEN EINEN HERVORRAGENDEN SERVICE Ein kleines Unternehmen, das gerade wegen seiner Gr\u00f6\u00dfe erstklassige Dienstleistungen anbietet! Ein kleines Unternehmen, das gerade wegen seiner Gr\u00f6\u00dfe erstklassige Dienstleistungen anbietet! Wir sind seit \u00fcber 20 Jahren im Bereich der Personenbef\u00f6rderung t\u00e4tig und haben in dieser Zeit 3.794.000 km Erfahrung gesammelt! Nach langj\u00e4hriger Erfahrung bei &#8230; <a title=\"\u00dcber uns\" class=\"read-more\" href=\"http:\/\/ttravel.ch\/de\/uber-uns\/\" aria-label=\"Mehr dazu unter \u00dcber uns\">Weiterlesen<\/a><\/p>\n","protected":false},"author":1,"featured_media":0,"parent":0,"menu_order":0,"comment_status":"closed","ping_status":"closed","template":"","meta":{"footnotes":"","_links_to":"","_links_to_target":""},"class_list":["post-1200","page","type-page","status-publish"],"yoast_head":"<!-- This site is optimized with the Yoast SEO plugin v26.7 - https:\/\/yoast.com\/wordpress\/plugins\/seo\/ -->\n<title>\u00dcber uns - T Travel<\/title>\n<meta name=\"description\" content=\"Wir sind seit \u00fcber 20 Jahren im Bereich der Personenbef\u00f6rderung t\u00e4tig und haben in dieser Zeit 3.794.000 km Erfahrung gesammelt!\" \/>\n<meta name=\"robots\" content=\"index, follow, max-snippet:-1, max-image-preview:large, max-video-preview:-1\" \/>\n<link rel=\"canonical\" href=\"http:\/\/ttravel.ch\/de\/uber-uns\/\" \/>\n<meta property=\"og:locale\" content=\"de_DE\" \/>\n<meta property=\"og:type\" content=\"article\" \/>\n<meta property=\"og:title\" content=\"\u00dcber uns - T Travel\" \/>\n<meta property=\"og:description\" content=\"Wir sind seit \u00fcber 20 Jahren im Bereich der Personenbef\u00f6rderung t\u00e4tig und haben in dieser Zeit 3.794.000 km Erfahrung gesammelt!\" \/>\n<meta property=\"og:url\" content=\"http:\/\/ttravel.ch\/de\/uber-uns\/\" \/>\n<meta property=\"og:site_name\" content=\"T Travel\" \/>\n<meta property=\"article:modified_time\" content=\"2022-02-10T13:13:04+00:00\" \/>\n<meta property=\"og:image\" content=\"http:\/\/ttravel.ch\/wp-content\/uploads\/2021\/06\/marcello-tuena.jpg\" \/>\n<meta name=\"twitter:card\" content=\"summary_large_image\" \/>\n<meta name=\"twitter:label1\" content=\"Gesch\u00e4tzte Lesezeit\" \/>\n\t<meta name=\"twitter:data1\" content=\"2\u00a0Minuten\" \/>\n<script type=\"application\/ld+json\" class=\"yoast-schema-graph\">{\"@context\":\"https:\/\/schema.org\",\"@graph\":[{\"@type\":\"WebPage\",\"@id\":\"http:\/\/ttravel.ch\/de\/uber-uns\/\",\"url\":\"http:\/\/ttravel.ch\/de\/uber-uns\/\",\"name\":\"\u00dcber uns - T Travel\",\"isPartOf\":{\"@id\":\"http:\/\/ttravel.ch\/de\/#website\"},\"primaryImageOfPage\":{\"@id\":\"http:\/\/ttravel.ch\/de\/uber-uns\/#primaryimage\"},\"image\":{\"@id\":\"http:\/\/ttravel.ch\/de\/uber-uns\/#primaryimage\"},\"thumbnailUrl\":\"http:\/\/ttravel.ch\/wp-content\/uploads\/2021\/06\/marcello-tuena.jpg\",\"datePublished\":\"2021-06-16T07:37:24+00:00\",\"dateModified\":\"2022-02-10T13:13:04+00:00\",\"description\":\"Wir sind seit \u00fcber 20 Jahren im Bereich der Personenbef\u00f6rderung t\u00e4tig und haben in dieser Zeit 3.794.000 km Erfahrung gesammelt!\",\"breadcrumb\":{\"@id\":\"http:\/\/ttravel.ch\/de\/uber-uns\/#breadcrumb\"},\"inLanguage\":\"de\",\"potentialAction\":[{\"@type\":\"ReadAction\",\"target\":[\"http:\/\/ttravel.ch\/de\/uber-uns\/\"]}]},{\"@type\":\"ImageObject\",\"inLanguage\":\"de\",\"@id\":\"http:\/\/ttravel.ch\/de\/uber-uns\/#primaryimage\",\"url\":\"http:\/\/ttravel.ch\/wp-content\/uploads\/2021\/06\/marcello-tuena.jpg\",\"contentUrl\":\"http:\/\/ttravel.ch\/wp-content\/uploads\/2021\/06\/marcello-tuena.jpg\"},{\"@type\":\"BreadcrumbList\",\"@id\":\"http:\/\/ttravel.ch\/de\/uber-uns\/#breadcrumb\",\"itemListElement\":[{\"@type\":\"ListItem\",\"position\":1,\"name\":\"Home\",\"item\":\"https:\/\/ttravel.ch\/de\/\"},{\"@type\":\"ListItem\",\"position\":2,\"name\":\"\u00dcber uns\"}]},{\"@type\":\"WebSite\",\"@id\":\"http:\/\/ttravel.ch\/de\/#website\",\"url\":\"http:\/\/ttravel.ch\/de\/\",\"name\":\"T Travel\",\"description\":\"Trasporti Privati\",\"publisher\":{\"@id\":\"http:\/\/ttravel.ch\/de\/#organization\"},\"potentialAction\":[{\"@type\":\"SearchAction\",\"target\":{\"@type\":\"EntryPoint\",\"urlTemplate\":\"http:\/\/ttravel.ch\/de\/?s={search_term_string}\"},\"query-input\":{\"@type\":\"PropertyValueSpecification\",\"valueRequired\":true,\"valueName\":\"search_term_string\"}}],\"inLanguage\":\"de\"},{\"@type\":\"Organization\",\"@id\":\"http:\/\/ttravel.ch\/de\/#organization\",\"name\":\"T Travel\",\"url\":\"http:\/\/ttravel.ch\/de\/\",\"logo\":{\"@type\":\"ImageObject\",\"inLanguage\":\"de\",\"@id\":\"http:\/\/ttravel.ch\/de\/#\/schema\/logo\/image\/\",\"url\":\"http:\/\/ttravel.ch\/wp-content\/uploads\/2021\/06\/ttravel-logo.png\",\"contentUrl\":\"http:\/\/ttravel.ch\/wp-content\/uploads\/2021\/06\/ttravel-logo.png\",\"width\":350,\"height\":73,\"caption\":\"T Travel\"},\"image\":{\"@id\":\"http:\/\/ttravel.ch\/de\/#\/schema\/logo\/image\/\"}}]}<\/script>\n<!-- \/ Yoast SEO plugin. -->","yoast_head_json":{"title":"\u00dcber uns - T Travel","description":"Wir sind seit \u00fcber 20 Jahren im Bereich der Personenbef\u00f6rderung t\u00e4tig und haben in dieser Zeit 3.794.000 km Erfahrung gesammelt!","robots":{"index":"index","follow":"follow","max-snippet":"max-snippet:-1","max-image-preview":"max-image-preview:large","max-video-preview":"max-video-preview:-1"},"canonical":"http:\/\/ttravel.ch\/de\/uber-uns\/","og_locale":"de_DE","og_type":"article","og_title":"\u00dcber uns - T Travel","og_description":"Wir sind seit \u00fcber 20 Jahren im Bereich der Personenbef\u00f6rderung t\u00e4tig und haben in dieser Zeit 3.794.000 km Erfahrung gesammelt!","og_url":"http:\/\/ttravel.ch\/de\/uber-uns\/","og_site_name":"T Travel","article_modified_time":"2022-02-10T13:13:04+00:00","og_image":[{"url":"http:\/\/ttravel.ch\/wp-content\/uploads\/2021\/06\/marcello-tuena.jpg","type":"","width":"","height":""}],"twitter_card":"summary_large_image","twitter_misc":{"Gesch\u00e4tzte Lesezeit":"2\u00a0Minuten"},"schema":{"@context":"https:\/\/schema.org","@graph":[{"@type":"WebPage","@id":"http:\/\/ttravel.ch\/de\/uber-uns\/","url":"http:\/\/ttravel.ch\/de\/uber-uns\/","name":"\u00dcber uns - T Travel","isPartOf":{"@id":"http:\/\/ttravel.ch\/de\/#website"},"primaryImageOfPage":{"@id":"http:\/\/ttravel.ch\/de\/uber-uns\/#primaryimage"},"image":{"@id":"http:\/\/ttravel.ch\/de\/uber-uns\/#primaryimage"},"thumbnailUrl":"http:\/\/ttravel.ch\/wp-content\/uploads\/2021\/06\/marcello-tuena.jpg","datePublished":"2021-06-16T07:37:24+00:00","dateModified":"2022-02-10T13:13:04+00:00","description":"Wir sind seit \u00fcber 20 Jahren im Bereich der Personenbef\u00f6rderung t\u00e4tig und haben in dieser Zeit 3.794.000 km Erfahrung gesammelt!","breadcrumb":{"@id":"http:\/\/ttravel.ch\/de\/uber-uns\/#breadcrumb"},"inLanguage":"de","potentialAction":[{"@type":"ReadAction","target":["http:\/\/ttravel.ch\/de\/uber-uns\/"]}]},{"@type":"ImageObject","inLanguage":"de","@id":"http:\/\/ttravel.ch\/de\/uber-uns\/#primaryimage","url":"http:\/\/ttravel.ch\/wp-content\/uploads\/2021\/06\/marcello-tuena.jpg","contentUrl":"http:\/\/ttravel.ch\/wp-content\/uploads\/2021\/06\/marcello-tuena.jpg"},{"@type":"BreadcrumbList","@id":"http:\/\/ttravel.ch\/de\/uber-uns\/#breadcrumb","itemListElement":[{"@type":"ListItem","position":1,"name":"Home","item":"https:\/\/ttravel.ch\/de\/"},{"@type":"ListItem","position":2,"name":"\u00dcber uns"}]},{"@type":"WebSite","@id":"http:\/\/ttravel.ch\/de\/#website","url":"http:\/\/ttravel.ch\/de\/","name":"T Travel","description":"Trasporti Privati","publisher":{"@id":"http:\/\/ttravel.ch\/de\/#organization"},"potentialAction":[{"@type":"SearchAction","target":{"@type":"EntryPoint","urlTemplate":"http:\/\/ttravel.ch\/de\/?s={search_term_string}"},"query-input":{"@type":"PropertyValueSpecification","valueRequired":true,"valueName":"search_term_string"}}],"inLanguage":"de"},{"@type":"Organization","@id":"http:\/\/ttravel.ch\/de\/#organization","name":"T Travel","url":"http:\/\/ttravel.ch\/de\/","logo":{"@type":"ImageObject","inLanguage":"de","@id":"http:\/\/ttravel.ch\/de\/#\/schema\/logo\/image\/","url":"http:\/\/ttravel.ch\/wp-content\/uploads\/2021\/06\/ttravel-logo.png","contentUrl":"http:\/\/ttravel.ch\/wp-content\/uploads\/2021\/06\/ttravel-logo.png","width":350,"height":73,"caption":"T Travel"},"image":{"@id":"http:\/\/ttravel.ch\/de\/#\/schema\/logo\/image\/"}}]}},"_links":{"self":[{"href":"http:\/\/ttravel.ch\/de\/wp-json\/wp\/v2\/pages\/1200","targetHints":{"allow":["GET"]}}],"collection":[{"href":"http:\/\/ttravel.ch\/de\/wp-json\/wp\/v2\/pages"}],"about":[{"href":"http:\/\/ttravel.ch\/de\/wp-json\/wp\/v2\/types\/page"}],"author":[{"embeddable":true,"href":"http:\/\/ttravel.ch\/de\/wp-json\/wp\/v2\/users\/1"}],"replies":[{"embeddable":true,"href":"http:\/\/ttravel.ch\/de\/wp-json\/wp\/v2\/comments?post=1200"}],"version-history":[{"count":7,"href":"http:\/\/ttravel.ch\/de\/wp-json\/wp\/v2\/pages\/1200\/revisions"}],"predecessor-version":[{"id":1349,"href":"http:\/\/ttravel.ch\/de\/wp-json\/wp\/v2\/pages\/1200\/revisions\/1349"}],"wp:attachment":[{"href":"http:\/\/ttravel.ch\/de\/wp-json\/wp\/v2\/media?parent=1200"}],"curies":[{"name":"wp","href":"https:\/\/api.w.org\/{rel}","templated":true}]}}