{"id":1232,"date":"2021-07-13T15:45:14","date_gmt":"2021-07-13T13:45:14","guid":{"rendered":"https:\/\/ttravel.ch\/dienstleistungen\/aeroporti\/"},"modified":"2022-02-10T14:12:03","modified_gmt":"2022-02-10T13:12:03","slug":"flughafendienst","status":"publish","type":"page","link":"http:\/\/ttravel.ch\/de\/dienstleistungen\/flughafendienst\/","title":{"rendered":"Flughafendienst"},"content":{"rendered":"\t\t<div data-elementor-type=\"wp-page\" data-elementor-id=\"1232\" class=\"elementor elementor-1232 elementor-575\">\n\t\t\t\t\t\t<section class=\"elementor-section elementor-top-section elementor-element elementor-element-2ec76529 elementor-section-full_width elementor-section-items-stretch head-page elementor-section-height-min-height elementor-section-content-middle elementor-section-height-default\" data-id=\"2ec76529\" data-element_type=\"section\" data-settings=\"{&quot;background_background&quot;:&quot;classic&quot;}\">\n\t\t\t\t\t\t<div class=\"elementor-container elementor-column-gap-default\">\n\t\t\t\t\t<div class=\"elementor-column elementor-col-100 elementor-top-column elementor-element elementor-element-5c55c390\" data-id=\"5c55c390\" data-element_type=\"column\" data-settings=\"{&quot;background_background&quot;:&quot;classic&quot;}\">\n\t\t\t<div class=\"elementor-widget-wrap elementor-element-populated\">\n\t\t\t\t\t\t<div class=\"elementor-element elementor-element-3418167 elementor-widget elementor-widget-heading\" data-id=\"3418167\" data-element_type=\"widget\" data-widget_type=\"heading.default\">\n\t\t\t\t<div class=\"elementor-widget-container\">\n\t\t\t\t\t<h1 class=\"elementor-heading-title elementor-size-default\">Flughafendienst<\/h1>\t\t\t\t<\/div>\n\t\t\t\t<\/div>\n\t\t\t\t<div class=\"elementor-element elementor-element-fb8ad1f elementor-widget elementor-widget-heading\" data-id=\"fb8ad1f\" data-element_type=\"widget\" data-widget_type=\"heading.default\">\n\t\t\t\t<div class=\"elementor-widget-container\">\n\t\t\t\t\t<h3 class=\"elementor-heading-title elementor-size-default\">UNSER FLUGHAFENDIENST IST P\u00dcNKTLICH, PR\u00c4ZISE UND IN DER LAGE, KONKRET AUF ALLE IHRE BED\u00dcRFNISSE UND ANFORDERUNGEN EINZUGEHEN<\/h3>\t\t\t\t<\/div>\n\t\t\t\t<\/div>\n\t\t\t\t\t<\/div>\n\t\t<\/div>\n\t\t\t\t\t<\/div>\n\t\t<\/section>\n\t\t\t\t<section class=\"elementor-section elementor-top-section elementor-element elementor-element-6182c7a elementor-section-stretched elementor-section-boxed elementor-section-height-default elementor-section-height-default\" data-id=\"6182c7a\" data-element_type=\"section\" data-settings=\"{&quot;stretch_section&quot;:&quot;section-stretched&quot;,&quot;background_background&quot;:&quot;classic&quot;}\">\n\t\t\t\t\t\t<div class=\"elementor-container elementor-column-gap-default\">\n\t\t\t\t\t<div class=\"elementor-column elementor-col-50 elementor-top-column elementor-element elementor-element-522b05b\" data-id=\"522b05b\" data-element_type=\"column\">\n\t\t\t<div class=\"elementor-widget-wrap elementor-element-populated\">\n\t\t\t\t\t\t<div class=\"elementor-element elementor-element-ee9f7ff elementor-widget elementor-widget-heading\" data-id=\"ee9f7ff\" data-element_type=\"widget\" data-widget_type=\"heading.default\">\n\t\t\t\t<div class=\"elementor-widget-container\">\n\t\t\t\t\t<h2 class=\"elementor-heading-title elementor-size-default\">Individueller Transfer von und zu den wichtigsten Flugh\u00e4fen in der Schweiz und Italien<\/h2>\t\t\t\t<\/div>\n\t\t\t\t<\/div>\n\t\t\t\t\t<\/div>\n\t\t<\/div>\n\t\t\t\t<div class=\"elementor-column elementor-col-50 elementor-top-column elementor-element elementor-element-a2bdfa3\" data-id=\"a2bdfa3\" data-element_type=\"column\">\n\t\t\t<div class=\"elementor-widget-wrap elementor-element-populated\">\n\t\t\t\t\t\t<div class=\"elementor-element elementor-element-e6975b7 elementor-widget elementor-widget-text-editor\" data-id=\"e6975b7\" data-element_type=\"widget\" data-widget_type=\"text-editor.default\">\n\t\t\t\t<div class=\"elementor-widget-container\">\n\t\t\t\t\t\t\t\t\t<p>Wenn Sie nach einem Flughafendienst suchen, der p\u00fcnktlich, pr\u00e4zise und in der Lage ist, konkret auf alle Ihre Bed\u00fcrfnisse und Anforderungen einzugehen, k\u00f6nnen Sie sich auf die umfassende Erfahrung und Professionalit\u00e4t von T Travel verlassen.<\/p><p>Unser Unternehmen ist heute in der Lage, Sie auf Ihrer Reise bei der Organisation und dem Transfer zum Flughafen kompetent zu beraten.<\/p><p>Wenn Sie unseren Flughafen-Shuttle-Service nutzen, erwartet Sie ein entspannter Transfer, der speziell auf Ihre Bed\u00fcrfnisse und Ihren pers\u00f6nlichen Zeitplan abgestimmt ist.<\/p><p>Unser spezieller Flughafen-Reiseberatungsservice umfasst den Transport von und zu den wichtigsten Flugh\u00e4fen in der Schweiz und in Italien.<\/p>\t\t\t\t\t\t\t\t<\/div>\n\t\t\t\t<\/div>\n\t\t\t\t\t<\/div>\n\t\t<\/div>\n\t\t\t\t\t<\/div>\n\t\t<\/section>\n\t\t\t\t<section class=\"elementor-section elementor-top-section elementor-element elementor-element-de07e34 elementor-section-stretched elementor-section-boxed elementor-section-height-default elementor-section-height-default\" data-id=\"de07e34\" data-element_type=\"section\" data-settings=\"{&quot;stretch_section&quot;:&quot;section-stretched&quot;,&quot;background_background&quot;:&quot;classic&quot;}\">\n\t\t\t\t\t\t<div class=\"elementor-container elementor-column-gap-default\">\n\t\t\t\t\t<div class=\"elementor-column elementor-col-50 elementor-top-column elementor-element elementor-element-bd3b761\" data-id=\"bd3b761\" data-element_type=\"column\">\n\t\t\t<div class=\"elementor-widget-wrap elementor-element-populated\">\n\t\t\t\t\t\t<div class=\"elementor-element elementor-element-e376c1b elementor-widget elementor-widget-text-editor\" data-id=\"e376c1b\" data-element_type=\"widget\" data-widget_type=\"text-editor.default\">\n\t\t\t\t<div class=\"elementor-widget-container\">\n\t\t\t\t\t\t\t\t\t<p>Unser Service ist eine zeitgem\u00e4\u00dfe und vielseitige Alternative zum klassischen Shuttleservice der gro\u00dfen Touristikkonzerne.<\/p><p>Dank unseres personalisierten Service k\u00f6nnen wir uns vollst\u00e4ndig auf Ihre Bed\u00fcrfnisse und Ihren Zeitplan einstellen.<\/p><p>Mit uns sparen Sie sich die stressige Suche nach dem passenden Shuttleservice und k\u00f6nnen Ihren Flughafentransfer in aller Ruhe genie\u00dfen, ohne Zeit und wertvolle Minuten Ihres Urlaubs zu verlieren.<\/p><p>Mit unserem einzigartigen Flughafentransfer-Service k\u00f6nnen Sie Ihren Urlaub stressfrei und entspannt genie\u00dfen.<\/p>\t\t\t\t\t\t\t\t<\/div>\n\t\t\t\t<\/div>\n\t\t\t\t<div class=\"elementor-element elementor-element-e896932 elementor-widget elementor-widget-button\" data-id=\"e896932\" data-element_type=\"widget\" data-widget_type=\"button.default\">\n\t\t\t\t<div class=\"elementor-widget-container\">\n\t\t\t\t\t\t\t\t\t<div class=\"elementor-button-wrapper\">\n\t\t\t\t\t<a class=\"elementor-button elementor-button-link elementor-size-sm\" href=\"\/de\/kontakt\/\">\n\t\t\t\t\t\t<span class=\"elementor-button-content-wrapper\">\n\t\t\t\t\t\t\t\t\t<span class=\"elementor-button-text\">Buchen Sie Ihre Reise mit uns<\/span>\n\t\t\t\t\t<\/span>\n\t\t\t\t\t<\/a>\n\t\t\t\t<\/div>\n\t\t\t\t\t\t\t\t<\/div>\n\t\t\t\t<\/div>\n\t\t\t\t\t<\/div>\n\t\t<\/div>\n\t\t\t\t<div class=\"elementor-column elementor-col-50 elementor-top-column elementor-element elementor-element-27c21b0\" data-id=\"27c21b0\" data-element_type=\"column\">\n\t\t\t<div class=\"elementor-widget-wrap elementor-element-populated\">\n\t\t\t\t\t\t<div class=\"elementor-element elementor-element-1958154 elementor-arrows-position-inside elementor-widget elementor-widget-image-carousel\" data-id=\"1958154\" data-element_type=\"widget\" data-settings=\"{&quot;slides_to_show&quot;:&quot;1&quot;,&quot;navigation&quot;:&quot;arrows&quot;,&quot;autoplay&quot;:&quot;yes&quot;,&quot;pause_on_hover&quot;:&quot;yes&quot;,&quot;pause_on_interaction&quot;:&quot;yes&quot;,&quot;autoplay_speed&quot;:5000,&quot;infinite&quot;:&quot;yes&quot;,&quot;effect&quot;:&quot;slide&quot;,&quot;speed&quot;:500}\" data-widget_type=\"image-carousel.default\">\n\t\t\t\t<div class=\"elementor-widget-container\">\n\t\t\t\t\t\t\t<div class=\"elementor-image-carousel-wrapper swiper\" role=\"region\" aria-roledescription=\"carousel\" aria-label=\"Bild Karussell\" dir=\"ltr\">\n\t\t\t<div class=\"elementor-image-carousel swiper-wrapper swiper-image-stretch\" aria-live=\"off\">\n\t\t\t\t\t\t\t\t<div class=\"swiper-slide\" role=\"group\" aria-roledescription=\"slide\" aria-label=\"1 von 2\"><figure class=\"swiper-slide-inner\"><img decoding=\"async\" class=\"swiper-slide-image\" src=\"https:\/\/ttravel.ch\/wp-content\/uploads\/2021\/07\/ttravel-servizio-aeroporto-1024x768.jpg\" alt=\"ttravel-servizio-aeroporto\" \/><\/figure><\/div><div class=\"swiper-slide\" role=\"group\" aria-roledescription=\"slide\" aria-label=\"2 von 2\"><figure class=\"swiper-slide-inner\"><img decoding=\"async\" class=\"swiper-slide-image\" src=\"https:\/\/ttravel.ch\/wp-content\/uploads\/2021\/07\/ttravel-servizio-aeroporto-02-1024x768.jpg\" alt=\"ttravel-servizio-aeroporto-02\" \/><\/figure><\/div>\t\t\t<\/div>\n\t\t\t\t\t\t\t\t\t\t\t\t<div class=\"elementor-swiper-button elementor-swiper-button-prev\" role=\"button\" tabindex=\"0\">\n\t\t\t\t\t\t<i aria-hidden=\"true\" class=\"eicon-chevron-left\"><\/i>\t\t\t\t\t<\/div>\n\t\t\t\t\t<div class=\"elementor-swiper-button elementor-swiper-button-next\" role=\"button\" tabindex=\"0\">\n\t\t\t\t\t\t<i aria-hidden=\"true\" class=\"eicon-chevron-right\"><\/i>\t\t\t\t\t<\/div>\n\t\t\t\t\n\t\t\t\t\t\t\t\t\t<\/div>\n\t\t\t\t\t\t<\/div>\n\t\t\t\t<\/div>\n\t\t\t\t\t<\/div>\n\t\t<\/div>\n\t\t\t\t\t<\/div>\n\t\t<\/section>\n\t\t\t\t<\/div>\n\t\t","protected":false},"excerpt":{"rendered":"<p>Flughafendienst UNSER FLUGHAFENDIENST IST P\u00dcNKTLICH, PR\u00c4ZISE UND IN DER LAGE, KONKRET AUF ALLE IHRE BED\u00dcRFNISSE UND ANFORDERUNGEN EINZUGEHEN Individueller Transfer von und zu den wichtigsten Flugh\u00e4fen in der Schweiz und Italien Wenn Sie nach einem Flughafendienst suchen, der p\u00fcnktlich, pr\u00e4zise und in der Lage ist, konkret auf alle Ihre Bed\u00fcrfnisse und Anforderungen einzugehen, k\u00f6nnen Sie &#8230; <a title=\"Flughafendienst\" class=\"read-more\" href=\"http:\/\/ttravel.ch\/de\/dienstleistungen\/flughafendienst\/\" aria-label=\"Mehr dazu unter Flughafendienst\">Weiterlesen<\/a><\/p>\n","protected":false},"author":1,"featured_media":0,"parent":1205,"menu_order":0,"comment_status":"closed","ping_status":"closed","template":"","meta":{"footnotes":"","_links_to":"","_links_to_target":""},"class_list":["post-1232","page","type-page","status-publish"],"yoast_head":"<!-- This site is optimized with the Yoast SEO plugin v26.7 - https:\/\/yoast.com\/wordpress\/plugins\/seo\/ -->\n<title>Flughafendienst | T Travel Turismo<\/title>\n<meta name=\"description\" content=\"Unser flughafendienst ist p\u00fcnktlich, pr\u00e4zise und in der lage, konkret auf alle ihre bed\u00fcrfnisse und anforderungen einzugehen\" \/>\n<meta name=\"robots\" content=\"index, follow, max-snippet:-1, max-image-preview:large, max-video-preview:-1\" \/>\n<link rel=\"canonical\" href=\"http:\/\/ttravel.ch\/de\/dienstleistungen\/flughafendienst\/\" \/>\n<meta property=\"og:locale\" content=\"de_DE\" \/>\n<meta property=\"og:type\" content=\"article\" \/>\n<meta property=\"og:title\" content=\"Flughafendienst | T Travel Turismo\" \/>\n<meta property=\"og:description\" content=\"Unser flughafendienst ist p\u00fcnktlich, pr\u00e4zise und in der lage, konkret auf alle ihre bed\u00fcrfnisse und anforderungen einzugehen\" \/>\n<meta property=\"og:url\" content=\"http:\/\/ttravel.ch\/de\/dienstleistungen\/flughafendienst\/\" \/>\n<meta property=\"og:site_name\" content=\"T Travel\" \/>\n<meta property=\"article:modified_time\" content=\"2022-02-10T13:12:03+00:00\" \/>\n<meta property=\"og:image\" content=\"http:\/\/ttravel.ch\/wp-content\/uploads\/2021\/07\/ttravel-servizio-aeroporto-1024x768.jpg\" \/>\n<meta name=\"twitter:card\" content=\"summary_large_image\" \/>\n<meta name=\"twitter:label1\" content=\"Gesch\u00e4tzte Lesezeit\" \/>\n\t<meta name=\"twitter:data1\" content=\"2\u00a0Minuten\" \/>\n<script type=\"application\/ld+json\" class=\"yoast-schema-graph\">{\"@context\":\"https:\/\/schema.org\",\"@graph\":[{\"@type\":\"WebPage\",\"@id\":\"http:\/\/ttravel.ch\/de\/dienstleistungen\/flughafendienst\/\",\"url\":\"http:\/\/ttravel.ch\/de\/dienstleistungen\/flughafendienst\/\",\"name\":\"Flughafendienst | T Travel Turismo\",\"isPartOf\":{\"@id\":\"http:\/\/ttravel.ch\/de\/#website\"},\"primaryImageOfPage\":{\"@id\":\"http:\/\/ttravel.ch\/de\/dienstleistungen\/flughafendienst\/#primaryimage\"},\"image\":{\"@id\":\"http:\/\/ttravel.ch\/de\/dienstleistungen\/flughafendienst\/#primaryimage\"},\"thumbnailUrl\":\"http:\/\/ttravel.ch\/wp-content\/uploads\/2021\/07\/ttravel-servizio-aeroporto-1024x768.jpg\",\"datePublished\":\"2021-07-13T13:45:14+00:00\",\"dateModified\":\"2022-02-10T13:12:03+00:00\",\"description\":\"Unser flughafendienst ist p\u00fcnktlich, pr\u00e4zise und in der lage, konkret auf alle ihre bed\u00fcrfnisse und anforderungen einzugehen\",\"breadcrumb\":{\"@id\":\"http:\/\/ttravel.ch\/de\/dienstleistungen\/flughafendienst\/#breadcrumb\"},\"inLanguage\":\"de\",\"potentialAction\":[{\"@type\":\"ReadAction\",\"target\":[\"http:\/\/ttravel.ch\/de\/dienstleistungen\/flughafendienst\/\"]}]},{\"@type\":\"ImageObject\",\"inLanguage\":\"de\",\"@id\":\"http:\/\/ttravel.ch\/de\/dienstleistungen\/flughafendienst\/#primaryimage\",\"url\":\"http:\/\/ttravel.ch\/wp-content\/uploads\/2021\/07\/ttravel-servizio-aeroporto-1024x768.jpg\",\"contentUrl\":\"http:\/\/ttravel.ch\/wp-content\/uploads\/2021\/07\/ttravel-servizio-aeroporto-1024x768.jpg\"},{\"@type\":\"BreadcrumbList\",\"@id\":\"http:\/\/ttravel.ch\/de\/dienstleistungen\/flughafendienst\/#breadcrumb\",\"itemListElement\":[{\"@type\":\"ListItem\",\"position\":1,\"name\":\"Home\",\"item\":\"https:\/\/ttravel.ch\/de\/\"},{\"@type\":\"ListItem\",\"position\":2,\"name\":\"Dienstleistungen\",\"item\":\"http:\/\/ttravel.ch\/de\/dienstleistungen\/\"},{\"@type\":\"ListItem\",\"position\":3,\"name\":\"Flughafendienst\"}]},{\"@type\":\"WebSite\",\"@id\":\"http:\/\/ttravel.ch\/de\/#website\",\"url\":\"http:\/\/ttravel.ch\/de\/\",\"name\":\"T Travel\",\"description\":\"Trasporti Privati\",\"publisher\":{\"@id\":\"http:\/\/ttravel.ch\/de\/#organization\"},\"potentialAction\":[{\"@type\":\"SearchAction\",\"target\":{\"@type\":\"EntryPoint\",\"urlTemplate\":\"http:\/\/ttravel.ch\/de\/?s={search_term_string}\"},\"query-input\":{\"@type\":\"PropertyValueSpecification\",\"valueRequired\":true,\"valueName\":\"search_term_string\"}}],\"inLanguage\":\"de\"},{\"@type\":\"Organization\",\"@id\":\"http:\/\/ttravel.ch\/de\/#organization\",\"name\":\"T Travel\",\"url\":\"http:\/\/ttravel.ch\/de\/\",\"logo\":{\"@type\":\"ImageObject\",\"inLanguage\":\"de\",\"@id\":\"http:\/\/ttravel.ch\/de\/#\/schema\/logo\/image\/\",\"url\":\"http:\/\/ttravel.ch\/wp-content\/uploads\/2021\/06\/ttravel-logo.png\",\"contentUrl\":\"http:\/\/ttravel.ch\/wp-content\/uploads\/2021\/06\/ttravel-logo.png\",\"width\":350,\"height\":73,\"caption\":\"T Travel\"},\"image\":{\"@id\":\"http:\/\/ttravel.ch\/de\/#\/schema\/logo\/image\/\"}}]}<\/script>\n<!-- \/ Yoast SEO plugin. -->","yoast_head_json":{"title":"Flughafendienst | T Travel Turismo","description":"Unser flughafendienst ist p\u00fcnktlich, pr\u00e4zise und in der lage, konkret auf alle ihre bed\u00fcrfnisse und anforderungen einzugehen","robots":{"index":"index","follow":"follow","max-snippet":"max-snippet:-1","max-image-preview":"max-image-preview:large","max-video-preview":"max-video-preview:-1"},"canonical":"http:\/\/ttravel.ch\/de\/dienstleistungen\/flughafendienst\/","og_locale":"de_DE","og_type":"article","og_title":"Flughafendienst | T Travel Turismo","og_description":"Unser flughafendienst ist p\u00fcnktlich, pr\u00e4zise und in der lage, konkret auf alle ihre bed\u00fcrfnisse und anforderungen einzugehen","og_url":"http:\/\/ttravel.ch\/de\/dienstleistungen\/flughafendienst\/","og_site_name":"T Travel","article_modified_time":"2022-02-10T13:12:03+00:00","og_image":[{"url":"http:\/\/ttravel.ch\/wp-content\/uploads\/2021\/07\/ttravel-servizio-aeroporto-1024x768.jpg","type":"","width":"","height":""}],"twitter_card":"summary_large_image","twitter_misc":{"Gesch\u00e4tzte Lesezeit":"2\u00a0Minuten"},"schema":{"@context":"https:\/\/schema.org","@graph":[{"@type":"WebPage","@id":"http:\/\/ttravel.ch\/de\/dienstleistungen\/flughafendienst\/","url":"http:\/\/ttravel.ch\/de\/dienstleistungen\/flughafendienst\/","name":"Flughafendienst | T Travel Turismo","isPartOf":{"@id":"http:\/\/ttravel.ch\/de\/#website"},"primaryImageOfPage":{"@id":"http:\/\/ttravel.ch\/de\/dienstleistungen\/flughafendienst\/#primaryimage"},"image":{"@id":"http:\/\/ttravel.ch\/de\/dienstleistungen\/flughafendienst\/#primaryimage"},"thumbnailUrl":"http:\/\/ttravel.ch\/wp-content\/uploads\/2021\/07\/ttravel-servizio-aeroporto-1024x768.jpg","datePublished":"2021-07-13T13:45:14+00:00","dateModified":"2022-02-10T13:12:03+00:00","description":"Unser flughafendienst ist p\u00fcnktlich, pr\u00e4zise und in der lage, konkret auf alle ihre bed\u00fcrfnisse und anforderungen einzugehen","breadcrumb":{"@id":"http:\/\/ttravel.ch\/de\/dienstleistungen\/flughafendienst\/#breadcrumb"},"inLanguage":"de","potentialAction":[{"@type":"ReadAction","target":["http:\/\/ttravel.ch\/de\/dienstleistungen\/flughafendienst\/"]}]},{"@type":"ImageObject","inLanguage":"de","@id":"http:\/\/ttravel.ch\/de\/dienstleistungen\/flughafendienst\/#primaryimage","url":"http:\/\/ttravel.ch\/wp-content\/uploads\/2021\/07\/ttravel-servizio-aeroporto-1024x768.jpg","contentUrl":"http:\/\/ttravel.ch\/wp-content\/uploads\/2021\/07\/ttravel-servizio-aeroporto-1024x768.jpg"},{"@type":"BreadcrumbList","@id":"http:\/\/ttravel.ch\/de\/dienstleistungen\/flughafendienst\/#breadcrumb","itemListElement":[{"@type":"ListItem","position":1,"name":"Home","item":"https:\/\/ttravel.ch\/de\/"},{"@type":"ListItem","position":2,"name":"Dienstleistungen","item":"http:\/\/ttravel.ch\/de\/dienstleistungen\/"},{"@type":"ListItem","position":3,"name":"Flughafendienst"}]},{"@type":"WebSite","@id":"http:\/\/ttravel.ch\/de\/#website","url":"http:\/\/ttravel.ch\/de\/","name":"T Travel","description":"Trasporti Privati","publisher":{"@id":"http:\/\/ttravel.ch\/de\/#organization"},"potentialAction":[{"@type":"SearchAction","target":{"@type":"EntryPoint","urlTemplate":"http:\/\/ttravel.ch\/de\/?s={search_term_string}"},"query-input":{"@type":"PropertyValueSpecification","valueRequired":true,"valueName":"search_term_string"}}],"inLanguage":"de"},{"@type":"Organization","@id":"http:\/\/ttravel.ch\/de\/#organization","name":"T Travel","url":"http:\/\/ttravel.ch\/de\/","logo":{"@type":"ImageObject","inLanguage":"de","@id":"http:\/\/ttravel.ch\/de\/#\/schema\/logo\/image\/","url":"http:\/\/ttravel.ch\/wp-content\/uploads\/2021\/06\/ttravel-logo.png","contentUrl":"http:\/\/ttravel.ch\/wp-content\/uploads\/2021\/06\/ttravel-logo.png","width":350,"height":73,"caption":"T Travel"},"image":{"@id":"http:\/\/ttravel.ch\/de\/#\/schema\/logo\/image\/"}}]}},"_links":{"self":[{"href":"http:\/\/ttravel.ch\/de\/wp-json\/wp\/v2\/pages\/1232","targetHints":{"allow":["GET"]}}],"collection":[{"href":"http:\/\/ttravel.ch\/de\/wp-json\/wp\/v2\/pages"}],"about":[{"href":"http:\/\/ttravel.ch\/de\/wp-json\/wp\/v2\/types\/page"}],"author":[{"embeddable":true,"href":"http:\/\/ttravel.ch\/de\/wp-json\/wp\/v2\/users\/1"}],"replies":[{"embeddable":true,"href":"http:\/\/ttravel.ch\/de\/wp-json\/wp\/v2\/comments?post=1232"}],"version-history":[{"count":7,"href":"http:\/\/ttravel.ch\/de\/wp-json\/wp\/v2\/pages\/1232\/revisions"}],"predecessor-version":[{"id":1334,"href":"http:\/\/ttravel.ch\/de\/wp-json\/wp\/v2\/pages\/1232\/revisions\/1334"}],"up":[{"embeddable":true,"href":"http:\/\/ttravel.ch\/de\/wp-json\/wp\/v2\/pages\/1205"}],"wp:attachment":[{"href":"http:\/\/ttravel.ch\/de\/wp-json\/wp\/v2\/media?parent=1232"}],"curies":[{"name":"wp","href":"https:\/\/api.w.org\/{rel}","templated":true}]}}