{"id":1237,"date":"2021-07-14T09:35:41","date_gmt":"2021-07-14T07:35:41","guid":{"rendered":"https:\/\/ttravel.ch\/dienstleistungen\/guide\/"},"modified":"2022-02-10T14:12:23","modified_gmt":"2022-02-10T13:12:23","slug":"reisebegleiter","status":"publish","type":"page","link":"http:\/\/ttravel.ch\/de\/dienstleistungen\/reisebegleiter\/","title":{"rendered":"Reisebegleiter"},"content":{"rendered":"\t\t<div data-elementor-type=\"wp-page\" data-elementor-id=\"1237\" class=\"elementor elementor-1237 elementor-588\">\n\t\t\t\t\t\t<section class=\"elementor-section elementor-top-section elementor-element elementor-element-2ec76529 elementor-section-full_width elementor-section-items-stretch head-page elementor-section-height-min-height elementor-section-content-middle elementor-section-height-default\" data-id=\"2ec76529\" data-element_type=\"section\" data-settings=\"{&quot;background_background&quot;:&quot;classic&quot;}\">\n\t\t\t\t\t\t<div class=\"elementor-container elementor-column-gap-default\">\n\t\t\t\t\t<div class=\"elementor-column elementor-col-100 elementor-top-column elementor-element elementor-element-5c55c390\" data-id=\"5c55c390\" data-element_type=\"column\" data-settings=\"{&quot;background_background&quot;:&quot;classic&quot;}\">\n\t\t\t<div class=\"elementor-widget-wrap elementor-element-populated\">\n\t\t\t\t\t\t<div class=\"elementor-element elementor-element-3418167 elementor-widget elementor-widget-heading\" data-id=\"3418167\" data-element_type=\"widget\" data-widget_type=\"heading.default\">\n\t\t\t\t<div class=\"elementor-widget-container\">\n\t\t\t\t\t<h1 class=\"elementor-heading-title elementor-size-default\">Reisebegleiter-Service<\/h1>\t\t\t\t<\/div>\n\t\t\t\t<\/div>\n\t\t\t\t<div class=\"elementor-element elementor-element-fb8ad1f elementor-widget elementor-widget-heading\" data-id=\"fb8ad1f\" data-element_type=\"widget\" data-widget_type=\"heading.default\">\n\t\t\t\t<div class=\"elementor-widget-container\">\n\t\t\t\t\t<h3 class=\"elementor-heading-title elementor-size-default\">UNSER HOCHWERTIGER REISEBEGLEITER-SERVICE MACHT IHRE REISE NOCH ATTRAKTIVER<\/h3>\t\t\t\t<\/div>\n\t\t\t\t<\/div>\n\t\t\t\t\t<\/div>\n\t\t<\/div>\n\t\t\t\t\t<\/div>\n\t\t<\/section>\n\t\t\t\t<section class=\"elementor-section elementor-top-section elementor-element elementor-element-6182c7a elementor-section-stretched elementor-section-boxed elementor-section-height-default elementor-section-height-default\" data-id=\"6182c7a\" data-element_type=\"section\" data-settings=\"{&quot;stretch_section&quot;:&quot;section-stretched&quot;,&quot;background_background&quot;:&quot;classic&quot;}\">\n\t\t\t\t\t\t<div class=\"elementor-container elementor-column-gap-default\">\n\t\t\t\t\t<div class=\"elementor-column elementor-col-50 elementor-top-column elementor-element elementor-element-522b05b\" data-id=\"522b05b\" data-element_type=\"column\">\n\t\t\t<div class=\"elementor-widget-wrap elementor-element-populated\">\n\t\t\t\t\t\t<div class=\"elementor-element elementor-element-dce6fe8 elementor-widget elementor-widget-heading\" data-id=\"dce6fe8\" data-element_type=\"widget\" data-widget_type=\"heading.default\">\n\t\t\t\t<div class=\"elementor-widget-container\">\n\t\t\t\t\t<h2 class=\"elementor-heading-title elementor-size-default\">Ein professioneller Reisebegleiter begleitet Sie und macht Ihren Urlaub zu einem Erlebnis<\/h2>\t\t\t\t<\/div>\n\t\t\t\t<\/div>\n\t\t\t\t\t<\/div>\n\t\t<\/div>\n\t\t\t\t<div class=\"elementor-column elementor-col-50 elementor-top-column elementor-element elementor-element-a2bdfa3\" data-id=\"a2bdfa3\" data-element_type=\"column\">\n\t\t\t<div class=\"elementor-widget-wrap elementor-element-populated\">\n\t\t\t\t\t\t<div class=\"elementor-element elementor-element-e6975b7 elementor-widget elementor-widget-text-editor\" data-id=\"e6975b7\" data-element_type=\"widget\" data-widget_type=\"text-editor.default\">\n\t\t\t\t<div class=\"elementor-widget-container\">\n\t\t\t\t\t\t\t\t\t<p>Sie haben endlich das ideale Reiseziel f\u00fcr Ihren Urlaub gefunden und suchen einen professionellen Reisebegleiter, der Ihre Reise zu etwas Besonderem macht? T Travel ist als Reiseveranstalter in der Lage, Ihnen die besten Reisebegleiter f\u00fcr Ihre Reiseziele und Reisen auszuw\u00e4hlen und anzubieten. Unser Team w\u00e4hlt f\u00fcr Sie den Reisebegleiter aus, der am besten zu den von Ihnen gew\u00e4hlten Reisepl\u00e4nen und -routen passt.<\/p><p>Nat\u00fcrlich w\u00e4hlen wir den Reisebegleiter nach den individuellen Sprachbed\u00fcrfnissen der Reisenden oder Touristen aus.<\/p><p>Bei bestimmten Reisen und Ausfl\u00fcgen von besonderer kultureller und historischer Bedeutung ist ein spezialisierter und professioneller Reisebegleiter der beste Weg, um Ihre Reiseroute in vollen Z\u00fcgen zu genie\u00dfen.<\/p>\t\t\t\t\t\t\t\t<\/div>\n\t\t\t\t<\/div>\n\t\t\t\t\t<\/div>\n\t\t<\/div>\n\t\t\t\t\t<\/div>\n\t\t<\/section>\n\t\t\t\t<section class=\"elementor-section elementor-top-section elementor-element elementor-element-412ab5c elementor-section-stretched elementor-section-boxed elementor-section-height-default elementor-section-height-default\" data-id=\"412ab5c\" data-element_type=\"section\" data-settings=\"{&quot;stretch_section&quot;:&quot;section-stretched&quot;,&quot;background_background&quot;:&quot;classic&quot;}\">\n\t\t\t\t\t\t<div class=\"elementor-container elementor-column-gap-default\">\n\t\t\t\t\t<div class=\"elementor-column elementor-col-50 elementor-top-column elementor-element elementor-element-6baa9a6\" data-id=\"6baa9a6\" data-element_type=\"column\">\n\t\t\t<div class=\"elementor-widget-wrap elementor-element-populated\">\n\t\t\t\t\t\t<div class=\"elementor-element elementor-element-5ca29fa elementor-widget elementor-widget-text-editor\" data-id=\"5ca29fa\" data-element_type=\"widget\" data-widget_type=\"text-editor.default\">\n\t\t\t\t<div class=\"elementor-widget-container\">\n\t\t\t\t\t\t\t\t\t<p>In diesem Zusammenhang m\u00f6chten wir darauf hinweisen, dass die von unserem Unternehmen ausgew\u00e4hlten Reisebegleiter den geschichtlichen und kulturellen Kontext der von Ihnen besuchten Routen nicht nur erl\u00e4utern, sondern auch intensive Emotionen wecken, indem sie Sie an den besichtigten Orten teilhaben lassen und alle Ihre Fragen und W\u00fcnsche beantworten.<\/p><p>Damit ein Reisebegleiter den h\u00f6chsten Qualit\u00e4tsanspr\u00fcchen gerecht werden kann, bedarf es profunder Ortskenntnis: Es handelt sich um einen Fachmann, der den Reisenden gerne von seinen langj\u00e4hrigen Studien und seiner Ausbildung erz\u00e4hlt.<\/p><p>Nur mit der Unterst\u00fctzung eines professionellen Reisebegleiters k\u00f6nnen Sie eine Kunststadt oder die kulturellen St\u00e4tten, die Sie besuchen m\u00f6chten, in vollem Umfang kennenlernen und all ihre Merkmale, Eigenheiten und Geheimnisse entdecken.<\/p>\t\t\t\t\t\t\t\t<\/div>\n\t\t\t\t<\/div>\n\t\t\t\t<div class=\"elementor-element elementor-element-5b26a4d elementor-widget elementor-widget-button\" data-id=\"5b26a4d\" data-element_type=\"widget\" data-widget_type=\"button.default\">\n\t\t\t\t<div class=\"elementor-widget-container\">\n\t\t\t\t\t\t\t\t\t<div class=\"elementor-button-wrapper\">\n\t\t\t\t\t<a class=\"elementor-button elementor-button-link elementor-size-sm\" href=\"\/de\/kontakt\/\">\n\t\t\t\t\t\t<span class=\"elementor-button-content-wrapper\">\n\t\t\t\t\t\t\t\t\t<span class=\"elementor-button-text\">Buchen Sie Ihre Reise mit uns<\/span>\n\t\t\t\t\t<\/span>\n\t\t\t\t\t<\/a>\n\t\t\t\t<\/div>\n\t\t\t\t\t\t\t\t<\/div>\n\t\t\t\t<\/div>\n\t\t\t\t\t<\/div>\n\t\t<\/div>\n\t\t\t\t<div class=\"elementor-column elementor-col-50 elementor-top-column elementor-element elementor-element-508821c\" data-id=\"508821c\" data-element_type=\"column\">\n\t\t\t<div class=\"elementor-widget-wrap elementor-element-populated\">\n\t\t\t\t\t\t<div class=\"elementor-element elementor-element-f0e3ce7 elementor-widget elementor-widget-image\" data-id=\"f0e3ce7\" data-element_type=\"widget\" data-widget_type=\"image.default\">\n\t\t\t\t<div class=\"elementor-widget-container\">\n\t\t\t\t\t\t\t\t\t\t\t\t\t\t\t<img fetchpriority=\"high\" decoding=\"async\" width=\"1000\" height=\"538\" src=\"https:\/\/ttravel.ch\/wp-content\/uploads\/2021\/07\/servizio-guide-ttravelturismo.jpg\" class=\"attachment-large size-large wp-image-1036\" alt=\"\" srcset=\"https:\/\/ttravel.ch\/wp-content\/uploads\/2021\/07\/servizio-guide-ttravelturismo.jpg 1000w, https:\/\/ttravel.ch\/wp-content\/uploads\/2021\/07\/servizio-guide-ttravelturismo-300x161.jpg 300w, https:\/\/ttravel.ch\/wp-content\/uploads\/2021\/07\/servizio-guide-ttravelturismo-768x413.jpg 768w\" sizes=\"(max-width: 1000px) 100vw, 1000px\" \/>\t\t\t\t\t\t\t\t\t\t\t\t\t\t\t<\/div>\n\t\t\t\t<\/div>\n\t\t\t\t\t<\/div>\n\t\t<\/div>\n\t\t\t\t\t<\/div>\n\t\t<\/section>\n\t\t\t\t<\/div>\n\t\t","protected":false},"excerpt":{"rendered":"<p>Reisebegleiter-Service UNSER HOCHWERTIGER REISEBEGLEITER-SERVICE MACHT IHRE REISE NOCH ATTRAKTIVER Ein professioneller Reisebegleiter begleitet Sie und macht Ihren Urlaub zu einem Erlebnis Sie haben endlich das ideale Reiseziel f\u00fcr Ihren Urlaub gefunden und suchen einen professionellen Reisebegleiter, der Ihre Reise zu etwas Besonderem macht? T Travel ist als Reiseveranstalter in der Lage, Ihnen die besten Reisebegleiter &#8230; <a title=\"Reisebegleiter\" class=\"read-more\" href=\"http:\/\/ttravel.ch\/de\/dienstleistungen\/reisebegleiter\/\" aria-label=\"Mehr dazu unter Reisebegleiter\">Weiterlesen<\/a><\/p>\n","protected":false},"author":1,"featured_media":0,"parent":1205,"menu_order":0,"comment_status":"closed","ping_status":"closed","template":"","meta":{"footnotes":"","_links_to":"","_links_to_target":""},"class_list":["post-1237","page","type-page","status-publish"],"yoast_head":"<!-- This site is optimized with the Yoast SEO plugin v26.7 - https:\/\/yoast.com\/wordpress\/plugins\/seo\/ -->\n<title>Reisebegleiter | T Travel Turismo<\/title>\n<meta name=\"description\" content=\"Unser hochwertiger reisebegleiter-service macht ihre reise noch attraktiver\" \/>\n<meta name=\"robots\" content=\"index, follow, max-snippet:-1, max-image-preview:large, max-video-preview:-1\" \/>\n<link rel=\"canonical\" href=\"http:\/\/ttravel.ch\/de\/dienstleistungen\/reisebegleiter\/\" \/>\n<meta property=\"og:locale\" content=\"de_DE\" \/>\n<meta property=\"og:type\" content=\"article\" \/>\n<meta property=\"og:title\" content=\"Reisebegleiter | T Travel Turismo\" \/>\n<meta property=\"og:description\" content=\"Unser hochwertiger reisebegleiter-service macht ihre reise noch attraktiver\" \/>\n<meta property=\"og:url\" content=\"http:\/\/ttravel.ch\/de\/dienstleistungen\/reisebegleiter\/\" \/>\n<meta property=\"og:site_name\" content=\"T Travel\" \/>\n<meta property=\"article:modified_time\" content=\"2022-02-10T13:12:23+00:00\" \/>\n<meta property=\"og:image\" content=\"http:\/\/ttravel.ch\/wp-content\/uploads\/2021\/07\/servizio-guide-ttravelturismo.jpg\" \/>\n<meta name=\"twitter:card\" content=\"summary_large_image\" \/>\n<meta name=\"twitter:label1\" content=\"Gesch\u00e4tzte Lesezeit\" \/>\n\t<meta name=\"twitter:data1\" content=\"2\u00a0Minuten\" \/>\n<script type=\"application\/ld+json\" class=\"yoast-schema-graph\">{\"@context\":\"https:\/\/schema.org\",\"@graph\":[{\"@type\":\"WebPage\",\"@id\":\"http:\/\/ttravel.ch\/de\/dienstleistungen\/reisebegleiter\/\",\"url\":\"http:\/\/ttravel.ch\/de\/dienstleistungen\/reisebegleiter\/\",\"name\":\"Reisebegleiter | T Travel Turismo\",\"isPartOf\":{\"@id\":\"http:\/\/ttravel.ch\/de\/#website\"},\"primaryImageOfPage\":{\"@id\":\"http:\/\/ttravel.ch\/de\/dienstleistungen\/reisebegleiter\/#primaryimage\"},\"image\":{\"@id\":\"http:\/\/ttravel.ch\/de\/dienstleistungen\/reisebegleiter\/#primaryimage\"},\"thumbnailUrl\":\"http:\/\/ttravel.ch\/wp-content\/uploads\/2021\/07\/servizio-guide-ttravelturismo.jpg\",\"datePublished\":\"2021-07-14T07:35:41+00:00\",\"dateModified\":\"2022-02-10T13:12:23+00:00\",\"description\":\"Unser hochwertiger reisebegleiter-service macht ihre reise noch attraktiver\",\"breadcrumb\":{\"@id\":\"http:\/\/ttravel.ch\/de\/dienstleistungen\/reisebegleiter\/#breadcrumb\"},\"inLanguage\":\"de\",\"potentialAction\":[{\"@type\":\"ReadAction\",\"target\":[\"http:\/\/ttravel.ch\/de\/dienstleistungen\/reisebegleiter\/\"]}]},{\"@type\":\"ImageObject\",\"inLanguage\":\"de\",\"@id\":\"http:\/\/ttravel.ch\/de\/dienstleistungen\/reisebegleiter\/#primaryimage\",\"url\":\"http:\/\/ttravel.ch\/wp-content\/uploads\/2021\/07\/servizio-guide-ttravelturismo.jpg\",\"contentUrl\":\"http:\/\/ttravel.ch\/wp-content\/uploads\/2021\/07\/servizio-guide-ttravelturismo.jpg\"},{\"@type\":\"BreadcrumbList\",\"@id\":\"http:\/\/ttravel.ch\/de\/dienstleistungen\/reisebegleiter\/#breadcrumb\",\"itemListElement\":[{\"@type\":\"ListItem\",\"position\":1,\"name\":\"Home\",\"item\":\"https:\/\/ttravel.ch\/de\/\"},{\"@type\":\"ListItem\",\"position\":2,\"name\":\"Dienstleistungen\",\"item\":\"http:\/\/ttravel.ch\/de\/dienstleistungen\/\"},{\"@type\":\"ListItem\",\"position\":3,\"name\":\"Reisebegleiter\"}]},{\"@type\":\"WebSite\",\"@id\":\"http:\/\/ttravel.ch\/de\/#website\",\"url\":\"http:\/\/ttravel.ch\/de\/\",\"name\":\"T Travel\",\"description\":\"Trasporti Privati\",\"publisher\":{\"@id\":\"http:\/\/ttravel.ch\/de\/#organization\"},\"potentialAction\":[{\"@type\":\"SearchAction\",\"target\":{\"@type\":\"EntryPoint\",\"urlTemplate\":\"http:\/\/ttravel.ch\/de\/?s={search_term_string}\"},\"query-input\":{\"@type\":\"PropertyValueSpecification\",\"valueRequired\":true,\"valueName\":\"search_term_string\"}}],\"inLanguage\":\"de\"},{\"@type\":\"Organization\",\"@id\":\"http:\/\/ttravel.ch\/de\/#organization\",\"name\":\"T Travel\",\"url\":\"http:\/\/ttravel.ch\/de\/\",\"logo\":{\"@type\":\"ImageObject\",\"inLanguage\":\"de\",\"@id\":\"http:\/\/ttravel.ch\/de\/#\/schema\/logo\/image\/\",\"url\":\"http:\/\/ttravel.ch\/wp-content\/uploads\/2021\/06\/ttravel-logo.png\",\"contentUrl\":\"http:\/\/ttravel.ch\/wp-content\/uploads\/2021\/06\/ttravel-logo.png\",\"width\":350,\"height\":73,\"caption\":\"T Travel\"},\"image\":{\"@id\":\"http:\/\/ttravel.ch\/de\/#\/schema\/logo\/image\/\"}}]}<\/script>\n<!-- \/ Yoast SEO plugin. -->","yoast_head_json":{"title":"Reisebegleiter | T Travel Turismo","description":"Unser hochwertiger reisebegleiter-service macht ihre reise noch attraktiver","robots":{"index":"index","follow":"follow","max-snippet":"max-snippet:-1","max-image-preview":"max-image-preview:large","max-video-preview":"max-video-preview:-1"},"canonical":"http:\/\/ttravel.ch\/de\/dienstleistungen\/reisebegleiter\/","og_locale":"de_DE","og_type":"article","og_title":"Reisebegleiter | T Travel Turismo","og_description":"Unser hochwertiger reisebegleiter-service macht ihre reise noch attraktiver","og_url":"http:\/\/ttravel.ch\/de\/dienstleistungen\/reisebegleiter\/","og_site_name":"T Travel","article_modified_time":"2022-02-10T13:12:23+00:00","og_image":[{"url":"http:\/\/ttravel.ch\/wp-content\/uploads\/2021\/07\/servizio-guide-ttravelturismo.jpg","type":"","width":"","height":""}],"twitter_card":"summary_large_image","twitter_misc":{"Gesch\u00e4tzte Lesezeit":"2\u00a0Minuten"},"schema":{"@context":"https:\/\/schema.org","@graph":[{"@type":"WebPage","@id":"http:\/\/ttravel.ch\/de\/dienstleistungen\/reisebegleiter\/","url":"http:\/\/ttravel.ch\/de\/dienstleistungen\/reisebegleiter\/","name":"Reisebegleiter | T Travel Turismo","isPartOf":{"@id":"http:\/\/ttravel.ch\/de\/#website"},"primaryImageOfPage":{"@id":"http:\/\/ttravel.ch\/de\/dienstleistungen\/reisebegleiter\/#primaryimage"},"image":{"@id":"http:\/\/ttravel.ch\/de\/dienstleistungen\/reisebegleiter\/#primaryimage"},"thumbnailUrl":"http:\/\/ttravel.ch\/wp-content\/uploads\/2021\/07\/servizio-guide-ttravelturismo.jpg","datePublished":"2021-07-14T07:35:41+00:00","dateModified":"2022-02-10T13:12:23+00:00","description":"Unser hochwertiger reisebegleiter-service macht ihre reise noch attraktiver","breadcrumb":{"@id":"http:\/\/ttravel.ch\/de\/dienstleistungen\/reisebegleiter\/#breadcrumb"},"inLanguage":"de","potentialAction":[{"@type":"ReadAction","target":["http:\/\/ttravel.ch\/de\/dienstleistungen\/reisebegleiter\/"]}]},{"@type":"ImageObject","inLanguage":"de","@id":"http:\/\/ttravel.ch\/de\/dienstleistungen\/reisebegleiter\/#primaryimage","url":"http:\/\/ttravel.ch\/wp-content\/uploads\/2021\/07\/servizio-guide-ttravelturismo.jpg","contentUrl":"http:\/\/ttravel.ch\/wp-content\/uploads\/2021\/07\/servizio-guide-ttravelturismo.jpg"},{"@type":"BreadcrumbList","@id":"http:\/\/ttravel.ch\/de\/dienstleistungen\/reisebegleiter\/#breadcrumb","itemListElement":[{"@type":"ListItem","position":1,"name":"Home","item":"https:\/\/ttravel.ch\/de\/"},{"@type":"ListItem","position":2,"name":"Dienstleistungen","item":"http:\/\/ttravel.ch\/de\/dienstleistungen\/"},{"@type":"ListItem","position":3,"name":"Reisebegleiter"}]},{"@type":"WebSite","@id":"http:\/\/ttravel.ch\/de\/#website","url":"http:\/\/ttravel.ch\/de\/","name":"T Travel","description":"Trasporti Privati","publisher":{"@id":"http:\/\/ttravel.ch\/de\/#organization"},"potentialAction":[{"@type":"SearchAction","target":{"@type":"EntryPoint","urlTemplate":"http:\/\/ttravel.ch\/de\/?s={search_term_string}"},"query-input":{"@type":"PropertyValueSpecification","valueRequired":true,"valueName":"search_term_string"}}],"inLanguage":"de"},{"@type":"Organization","@id":"http:\/\/ttravel.ch\/de\/#organization","name":"T Travel","url":"http:\/\/ttravel.ch\/de\/","logo":{"@type":"ImageObject","inLanguage":"de","@id":"http:\/\/ttravel.ch\/de\/#\/schema\/logo\/image\/","url":"http:\/\/ttravel.ch\/wp-content\/uploads\/2021\/06\/ttravel-logo.png","contentUrl":"http:\/\/ttravel.ch\/wp-content\/uploads\/2021\/06\/ttravel-logo.png","width":350,"height":73,"caption":"T Travel"},"image":{"@id":"http:\/\/ttravel.ch\/de\/#\/schema\/logo\/image\/"}}]}},"_links":{"self":[{"href":"http:\/\/ttravel.ch\/de\/wp-json\/wp\/v2\/pages\/1237","targetHints":{"allow":["GET"]}}],"collection":[{"href":"http:\/\/ttravel.ch\/de\/wp-json\/wp\/v2\/pages"}],"about":[{"href":"http:\/\/ttravel.ch\/de\/wp-json\/wp\/v2\/types\/page"}],"author":[{"embeddable":true,"href":"http:\/\/ttravel.ch\/de\/wp-json\/wp\/v2\/users\/1"}],"replies":[{"embeddable":true,"href":"http:\/\/ttravel.ch\/de\/wp-json\/wp\/v2\/comments?post=1237"}],"version-history":[{"count":7,"href":"http:\/\/ttravel.ch\/de\/wp-json\/wp\/v2\/pages\/1237\/revisions"}],"predecessor-version":[{"id":1340,"href":"http:\/\/ttravel.ch\/de\/wp-json\/wp\/v2\/pages\/1237\/revisions\/1340"}],"up":[{"embeddable":true,"href":"http:\/\/ttravel.ch\/de\/wp-json\/wp\/v2\/pages\/1205"}],"wp:attachment":[{"href":"http:\/\/ttravel.ch\/de\/wp-json\/wp\/v2\/media?parent=1237"}],"curies":[{"name":"wp","href":"https:\/\/api.w.org\/{rel}","templated":true}]}}