{"id":1242,"date":"2021-07-19T09:47:55","date_gmt":"2021-07-19T07:47:55","guid":{"rendered":"https:\/\/ttravel.ch\/dienstleistungen\/alberghi\/"},"modified":"2022-02-10T14:12:16","modified_gmt":"2022-02-10T13:12:16","slug":"hotels","status":"publish","type":"page","link":"http:\/\/ttravel.ch\/de\/dienstleistungen\/hotels\/","title":{"rendered":"Hotels"},"content":{"rendered":"\t\t<div data-elementor-type=\"wp-page\" data-elementor-id=\"1242\" class=\"elementor elementor-1242 elementor-636\">\n\t\t\t\t\t\t<section class=\"elementor-section elementor-top-section elementor-element elementor-element-2ec76529 elementor-section-full_width elementor-section-items-stretch head-page elementor-section-height-min-height elementor-section-content-middle elementor-section-height-default\" data-id=\"2ec76529\" data-element_type=\"section\" data-settings=\"{&quot;background_background&quot;:&quot;classic&quot;}\">\n\t\t\t\t\t\t<div class=\"elementor-container elementor-column-gap-default\">\n\t\t\t\t\t<div class=\"elementor-column elementor-col-100 elementor-top-column elementor-element elementor-element-5c55c390\" data-id=\"5c55c390\" data-element_type=\"column\" data-settings=\"{&quot;background_background&quot;:&quot;classic&quot;}\">\n\t\t\t<div class=\"elementor-widget-wrap elementor-element-populated\">\n\t\t\t\t\t\t<div class=\"elementor-element elementor-element-3418167 elementor-widget elementor-widget-heading\" data-id=\"3418167\" data-element_type=\"widget\" data-widget_type=\"heading.default\">\n\t\t\t\t<div class=\"elementor-widget-container\">\n\t\t\t\t\t<h1 class=\"elementor-heading-title elementor-size-default\">Hotelvermittlung<\/h1>\t\t\t\t<\/div>\n\t\t\t\t<\/div>\n\t\t\t\t<div class=\"elementor-element elementor-element-fb8ad1f elementor-widget elementor-widget-heading\" data-id=\"fb8ad1f\" data-element_type=\"widget\" data-widget_type=\"heading.default\">\n\t\t\t\t<div class=\"elementor-widget-container\">\n\t\t\t\t\t<h3 class=\"elementor-heading-title elementor-size-default\">ZU EINER GELUNGENEN REISE GEH\u00d6RT AUCH DIE AUSWAHL EINES AUSGEZEICHNETEN HOTELS<\/h3>\t\t\t\t<\/div>\n\t\t\t\t<\/div>\n\t\t\t\t\t<\/div>\n\t\t<\/div>\n\t\t\t\t\t<\/div>\n\t\t<\/section>\n\t\t\t\t<section class=\"elementor-section elementor-top-section elementor-element elementor-element-6182c7a elementor-section-stretched elementor-section-boxed elementor-section-height-default elementor-section-height-default\" data-id=\"6182c7a\" data-element_type=\"section\" data-settings=\"{&quot;stretch_section&quot;:&quot;section-stretched&quot;,&quot;background_background&quot;:&quot;classic&quot;}\">\n\t\t\t\t\t\t<div class=\"elementor-container elementor-column-gap-default\">\n\t\t\t\t\t<div class=\"elementor-column elementor-col-50 elementor-top-column elementor-element elementor-element-522b05b\" data-id=\"522b05b\" data-element_type=\"column\">\n\t\t\t<div class=\"elementor-widget-wrap elementor-element-populated\">\n\t\t\t\t\t\t<div class=\"elementor-element elementor-element-3465fb0 elementor-widget elementor-widget-heading\" data-id=\"3465fb0\" data-element_type=\"widget\" data-widget_type=\"heading.default\">\n\t\t\t\t<div class=\"elementor-widget-container\">\n\t\t\t\t\t<h2 class=\"elementor-heading-title elementor-size-default\">Die besten Hotels und Einrichtungen f\u00fcr Ihre Reisen durch Europa<\/h2>\t\t\t\t<\/div>\n\t\t\t\t<\/div>\n\t\t\t\t\t<\/div>\n\t\t<\/div>\n\t\t\t\t<div class=\"elementor-column elementor-col-50 elementor-top-column elementor-element elementor-element-a2bdfa3\" data-id=\"a2bdfa3\" data-element_type=\"column\">\n\t\t\t<div class=\"elementor-widget-wrap elementor-element-populated\">\n\t\t\t\t\t\t<div class=\"elementor-element elementor-element-e6975b7 elementor-widget elementor-widget-text-editor\" data-id=\"e6975b7\" data-element_type=\"widget\" data-widget_type=\"text-editor.default\">\n\t\t\t\t<div class=\"elementor-widget-container\">\n\t\t\t\t\t\t\t\t\t<p>Zu einer gelungenen Reise geh\u00f6rt auch die Auswahl eines ausgezeichneten Hotels. Auch hier ist T Travel Ihr zuverl\u00e4ssiger Partner: Wir unterst\u00fctzen Sie bei der Auswahl des Hotels, das Ihren Bed\u00fcrfnissen und Anforderungen am besten entspricht. Nur wenn Sie in einem guten Hotel \u00fcbernachten, k\u00f6nnen Sie einen rundum stressfreien und komfortablen Urlaub verbringen.<\/p><p>Unser Unternehmen wird Ihnen immer nur die besten Hotels in der gew\u00fcnschten Region anbieten. Wir haben f\u00fcr Sie die besten Unterkunftsm\u00f6glichkeiten ausgew\u00e4hlt, um Ihren Urlaub noch angenehmer zu gestalten.<\/p><p>In all diesen Jahren haben wir viele Kilometer in Europa und der ganzen Welt zur\u00fcckgelegt, was uns wichtige berufliche Einblicke und Erfahrungen erm\u00f6glicht hat, die wir nun an unsere Kunden weitergeben k\u00f6nnen.<\/p>\t\t\t\t\t\t\t\t<\/div>\n\t\t\t\t<\/div>\n\t\t\t\t\t<\/div>\n\t\t<\/div>\n\t\t\t\t\t<\/div>\n\t\t<\/section>\n\t\t\t\t<section class=\"elementor-section elementor-top-section elementor-element elementor-element-412ab5c elementor-section-stretched elementor-section-boxed elementor-section-height-default elementor-section-height-default\" data-id=\"412ab5c\" data-element_type=\"section\" data-settings=\"{&quot;stretch_section&quot;:&quot;section-stretched&quot;,&quot;background_background&quot;:&quot;classic&quot;}\">\n\t\t\t\t\t\t<div class=\"elementor-container elementor-column-gap-default\">\n\t\t\t\t\t<div class=\"elementor-column elementor-col-50 elementor-top-column elementor-element elementor-element-6baa9a6\" data-id=\"6baa9a6\" data-element_type=\"column\">\n\t\t\t<div class=\"elementor-widget-wrap elementor-element-populated\">\n\t\t\t\t\t\t<div class=\"elementor-element elementor-element-5ca29fa elementor-widget elementor-widget-text-editor\" data-id=\"5ca29fa\" data-element_type=\"widget\" data-widget_type=\"text-editor.default\">\n\t\t\t\t<div class=\"elementor-widget-container\">\n\t\t\t\t\t\t\t\t\t<p>Dank unserer langj\u00e4hrigen Erfahrung k\u00f6nnen wir heute sagen, dass wir einen sehr klaren und umfassenden \u00dcberblick \u00fcber die internationale Hotelszene haben und all ihr Potenzial und ihre kritischen Aspekte gut beurteilen k\u00f6nnen.<\/p><p>Nach vielen Jahren harter Arbeit k\u00f6nnen wir heute mit gutem Gewissen sagen, dass wir unseren Kunden immer genau das Hotel empfehlen k\u00f6nnen, das am besten ihrem Geschmack und ihren Bed\u00fcrfnissen entspricht. Das beste Hotel f\u00fcr Ihren Urlaub zu finden, hat f\u00fcr uns oberste Priorit\u00e4t.<\/p>\t\t\t\t\t\t\t\t<\/div>\n\t\t\t\t<\/div>\n\t\t\t\t<div class=\"elementor-element elementor-element-2122ae2 elementor-widget elementor-widget-button\" data-id=\"2122ae2\" data-element_type=\"widget\" data-widget_type=\"button.default\">\n\t\t\t\t<div class=\"elementor-widget-container\">\n\t\t\t\t\t\t\t\t\t<div class=\"elementor-button-wrapper\">\n\t\t\t\t\t<a class=\"elementor-button elementor-button-link elementor-size-sm\" href=\"\/de\/kontakt\/\">\n\t\t\t\t\t\t<span class=\"elementor-button-content-wrapper\">\n\t\t\t\t\t\t\t\t\t<span class=\"elementor-button-text\">Buchen Sie Ihre Reise mit uns<\/span>\n\t\t\t\t\t<\/span>\n\t\t\t\t\t<\/a>\n\t\t\t\t<\/div>\n\t\t\t\t\t\t\t\t<\/div>\n\t\t\t\t<\/div>\n\t\t\t\t\t<\/div>\n\t\t<\/div>\n\t\t\t\t<div class=\"elementor-column elementor-col-50 elementor-top-column elementor-element elementor-element-508821c\" data-id=\"508821c\" data-element_type=\"column\">\n\t\t\t<div class=\"elementor-widget-wrap elementor-element-populated\">\n\t\t\t\t\t\t<div class=\"elementor-element elementor-element-f0e3ce7 elementor-widget elementor-widget-image\" data-id=\"f0e3ce7\" data-element_type=\"widget\" data-widget_type=\"image.default\">\n\t\t\t\t<div class=\"elementor-widget-container\">\n\t\t\t\t\t\t\t\t\t\t\t\t\t\t\t<img fetchpriority=\"high\" decoding=\"async\" width=\"1000\" height=\"538\" src=\"https:\/\/ttravel.ch\/wp-content\/uploads\/2021\/07\/servizio-aeroporto-ttravelturismo.jpg\" class=\"attachment-large size-large wp-image-1040\" alt=\"\" srcset=\"https:\/\/ttravel.ch\/wp-content\/uploads\/2021\/07\/servizio-aeroporto-ttravelturismo.jpg 1000w, https:\/\/ttravel.ch\/wp-content\/uploads\/2021\/07\/servizio-aeroporto-ttravelturismo-300x161.jpg 300w, https:\/\/ttravel.ch\/wp-content\/uploads\/2021\/07\/servizio-aeroporto-ttravelturismo-768x413.jpg 768w\" sizes=\"(max-width: 1000px) 100vw, 1000px\" \/>\t\t\t\t\t\t\t\t\t\t\t\t\t\t\t<\/div>\n\t\t\t\t<\/div>\n\t\t\t\t\t<\/div>\n\t\t<\/div>\n\t\t\t\t\t<\/div>\n\t\t<\/section>\n\t\t\t\t<\/div>\n\t\t","protected":false},"excerpt":{"rendered":"<p>Hotelvermittlung ZU EINER GELUNGENEN REISE GEH\u00d6RT AUCH DIE AUSWAHL EINES AUSGEZEICHNETEN HOTELS Die besten Hotels und Einrichtungen f\u00fcr Ihre Reisen durch Europa Zu einer gelungenen Reise geh\u00f6rt auch die Auswahl eines ausgezeichneten Hotels. Auch hier ist T Travel Ihr zuverl\u00e4ssiger Partner: Wir unterst\u00fctzen Sie bei der Auswahl des Hotels, das Ihren Bed\u00fcrfnissen und Anforderungen am &#8230; <a title=\"Hotels\" class=\"read-more\" href=\"http:\/\/ttravel.ch\/de\/dienstleistungen\/hotels\/\" aria-label=\"Mehr dazu unter Hotels\">Weiterlesen<\/a><\/p>\n","protected":false},"author":1,"featured_media":0,"parent":1205,"menu_order":0,"comment_status":"closed","ping_status":"closed","template":"","meta":{"footnotes":"","_links_to":"","_links_to_target":""},"class_list":["post-1242","page","type-page","status-publish"],"yoast_head":"<!-- This site is optimized with the Yoast SEO plugin v26.7 - https:\/\/yoast.com\/wordpress\/plugins\/seo\/ -->\n<title>Hotelvermittlung | Ttravelturismo<\/title>\n<meta name=\"description\" content=\"Zu einer gelungenen reise geh\u00f6rt auch die auswahl eines ausgezeichneten hotels\" \/>\n<meta name=\"robots\" content=\"index, follow, max-snippet:-1, max-image-preview:large, max-video-preview:-1\" \/>\n<link rel=\"canonical\" href=\"http:\/\/ttravel.ch\/de\/dienstleistungen\/hotels\/\" \/>\n<meta property=\"og:locale\" content=\"de_DE\" \/>\n<meta property=\"og:type\" content=\"article\" \/>\n<meta property=\"og:title\" content=\"Hotelvermittlung | Ttravelturismo\" \/>\n<meta property=\"og:description\" content=\"Zu einer gelungenen reise geh\u00f6rt auch die auswahl eines ausgezeichneten hotels\" \/>\n<meta property=\"og:url\" content=\"http:\/\/ttravel.ch\/de\/dienstleistungen\/hotels\/\" \/>\n<meta property=\"og:site_name\" content=\"T Travel\" \/>\n<meta property=\"article:modified_time\" content=\"2022-02-10T13:12:16+00:00\" \/>\n<meta property=\"og:image\" content=\"http:\/\/ttravel.ch\/wp-content\/uploads\/2021\/07\/servizio-aeroporto-ttravelturismo.jpg\" \/>\n<meta name=\"twitter:card\" content=\"summary_large_image\" \/>\n<meta name=\"twitter:label1\" content=\"Gesch\u00e4tzte Lesezeit\" \/>\n\t<meta name=\"twitter:data1\" content=\"2\u00a0Minuten\" \/>\n<script type=\"application\/ld+json\" class=\"yoast-schema-graph\">{\"@context\":\"https:\/\/schema.org\",\"@graph\":[{\"@type\":\"WebPage\",\"@id\":\"http:\/\/ttravel.ch\/de\/dienstleistungen\/hotels\/\",\"url\":\"http:\/\/ttravel.ch\/de\/dienstleistungen\/hotels\/\",\"name\":\"Hotelvermittlung | Ttravelturismo\",\"isPartOf\":{\"@id\":\"http:\/\/ttravel.ch\/de\/#website\"},\"primaryImageOfPage\":{\"@id\":\"http:\/\/ttravel.ch\/de\/dienstleistungen\/hotels\/#primaryimage\"},\"image\":{\"@id\":\"http:\/\/ttravel.ch\/de\/dienstleistungen\/hotels\/#primaryimage\"},\"thumbnailUrl\":\"http:\/\/ttravel.ch\/wp-content\/uploads\/2021\/07\/servizio-aeroporto-ttravelturismo.jpg\",\"datePublished\":\"2021-07-19T07:47:55+00:00\",\"dateModified\":\"2022-02-10T13:12:16+00:00\",\"description\":\"Zu einer gelungenen reise geh\u00f6rt auch die auswahl eines ausgezeichneten hotels\",\"breadcrumb\":{\"@id\":\"http:\/\/ttravel.ch\/de\/dienstleistungen\/hotels\/#breadcrumb\"},\"inLanguage\":\"de\",\"potentialAction\":[{\"@type\":\"ReadAction\",\"target\":[\"http:\/\/ttravel.ch\/de\/dienstleistungen\/hotels\/\"]}]},{\"@type\":\"ImageObject\",\"inLanguage\":\"de\",\"@id\":\"http:\/\/ttravel.ch\/de\/dienstleistungen\/hotels\/#primaryimage\",\"url\":\"http:\/\/ttravel.ch\/wp-content\/uploads\/2021\/07\/servizio-aeroporto-ttravelturismo.jpg\",\"contentUrl\":\"http:\/\/ttravel.ch\/wp-content\/uploads\/2021\/07\/servizio-aeroporto-ttravelturismo.jpg\"},{\"@type\":\"BreadcrumbList\",\"@id\":\"http:\/\/ttravel.ch\/de\/dienstleistungen\/hotels\/#breadcrumb\",\"itemListElement\":[{\"@type\":\"ListItem\",\"position\":1,\"name\":\"Home\",\"item\":\"https:\/\/ttravel.ch\/de\/\"},{\"@type\":\"ListItem\",\"position\":2,\"name\":\"Dienstleistungen\",\"item\":\"http:\/\/ttravel.ch\/de\/dienstleistungen\/\"},{\"@type\":\"ListItem\",\"position\":3,\"name\":\"Hotels\"}]},{\"@type\":\"WebSite\",\"@id\":\"http:\/\/ttravel.ch\/de\/#website\",\"url\":\"http:\/\/ttravel.ch\/de\/\",\"name\":\"T Travel\",\"description\":\"Trasporti Privati\",\"publisher\":{\"@id\":\"http:\/\/ttravel.ch\/de\/#organization\"},\"potentialAction\":[{\"@type\":\"SearchAction\",\"target\":{\"@type\":\"EntryPoint\",\"urlTemplate\":\"http:\/\/ttravel.ch\/de\/?s={search_term_string}\"},\"query-input\":{\"@type\":\"PropertyValueSpecification\",\"valueRequired\":true,\"valueName\":\"search_term_string\"}}],\"inLanguage\":\"de\"},{\"@type\":\"Organization\",\"@id\":\"http:\/\/ttravel.ch\/de\/#organization\",\"name\":\"T Travel\",\"url\":\"http:\/\/ttravel.ch\/de\/\",\"logo\":{\"@type\":\"ImageObject\",\"inLanguage\":\"de\",\"@id\":\"http:\/\/ttravel.ch\/de\/#\/schema\/logo\/image\/\",\"url\":\"http:\/\/ttravel.ch\/wp-content\/uploads\/2021\/06\/ttravel-logo.png\",\"contentUrl\":\"http:\/\/ttravel.ch\/wp-content\/uploads\/2021\/06\/ttravel-logo.png\",\"width\":350,\"height\":73,\"caption\":\"T Travel\"},\"image\":{\"@id\":\"http:\/\/ttravel.ch\/de\/#\/schema\/logo\/image\/\"}}]}<\/script>\n<!-- \/ Yoast SEO plugin. -->","yoast_head_json":{"title":"Hotelvermittlung | Ttravelturismo","description":"Zu einer gelungenen reise geh\u00f6rt auch die auswahl eines ausgezeichneten hotels","robots":{"index":"index","follow":"follow","max-snippet":"max-snippet:-1","max-image-preview":"max-image-preview:large","max-video-preview":"max-video-preview:-1"},"canonical":"http:\/\/ttravel.ch\/de\/dienstleistungen\/hotels\/","og_locale":"de_DE","og_type":"article","og_title":"Hotelvermittlung | Ttravelturismo","og_description":"Zu einer gelungenen reise geh\u00f6rt auch die auswahl eines ausgezeichneten hotels","og_url":"http:\/\/ttravel.ch\/de\/dienstleistungen\/hotels\/","og_site_name":"T Travel","article_modified_time":"2022-02-10T13:12:16+00:00","og_image":[{"url":"http:\/\/ttravel.ch\/wp-content\/uploads\/2021\/07\/servizio-aeroporto-ttravelturismo.jpg","type":"","width":"","height":""}],"twitter_card":"summary_large_image","twitter_misc":{"Gesch\u00e4tzte Lesezeit":"2\u00a0Minuten"},"schema":{"@context":"https:\/\/schema.org","@graph":[{"@type":"WebPage","@id":"http:\/\/ttravel.ch\/de\/dienstleistungen\/hotels\/","url":"http:\/\/ttravel.ch\/de\/dienstleistungen\/hotels\/","name":"Hotelvermittlung | Ttravelturismo","isPartOf":{"@id":"http:\/\/ttravel.ch\/de\/#website"},"primaryImageOfPage":{"@id":"http:\/\/ttravel.ch\/de\/dienstleistungen\/hotels\/#primaryimage"},"image":{"@id":"http:\/\/ttravel.ch\/de\/dienstleistungen\/hotels\/#primaryimage"},"thumbnailUrl":"http:\/\/ttravel.ch\/wp-content\/uploads\/2021\/07\/servizio-aeroporto-ttravelturismo.jpg","datePublished":"2021-07-19T07:47:55+00:00","dateModified":"2022-02-10T13:12:16+00:00","description":"Zu einer gelungenen reise geh\u00f6rt auch die auswahl eines ausgezeichneten hotels","breadcrumb":{"@id":"http:\/\/ttravel.ch\/de\/dienstleistungen\/hotels\/#breadcrumb"},"inLanguage":"de","potentialAction":[{"@type":"ReadAction","target":["http:\/\/ttravel.ch\/de\/dienstleistungen\/hotels\/"]}]},{"@type":"ImageObject","inLanguage":"de","@id":"http:\/\/ttravel.ch\/de\/dienstleistungen\/hotels\/#primaryimage","url":"http:\/\/ttravel.ch\/wp-content\/uploads\/2021\/07\/servizio-aeroporto-ttravelturismo.jpg","contentUrl":"http:\/\/ttravel.ch\/wp-content\/uploads\/2021\/07\/servizio-aeroporto-ttravelturismo.jpg"},{"@type":"BreadcrumbList","@id":"http:\/\/ttravel.ch\/de\/dienstleistungen\/hotels\/#breadcrumb","itemListElement":[{"@type":"ListItem","position":1,"name":"Home","item":"https:\/\/ttravel.ch\/de\/"},{"@type":"ListItem","position":2,"name":"Dienstleistungen","item":"http:\/\/ttravel.ch\/de\/dienstleistungen\/"},{"@type":"ListItem","position":3,"name":"Hotels"}]},{"@type":"WebSite","@id":"http:\/\/ttravel.ch\/de\/#website","url":"http:\/\/ttravel.ch\/de\/","name":"T Travel","description":"Trasporti Privati","publisher":{"@id":"http:\/\/ttravel.ch\/de\/#organization"},"potentialAction":[{"@type":"SearchAction","target":{"@type":"EntryPoint","urlTemplate":"http:\/\/ttravel.ch\/de\/?s={search_term_string}"},"query-input":{"@type":"PropertyValueSpecification","valueRequired":true,"valueName":"search_term_string"}}],"inLanguage":"de"},{"@type":"Organization","@id":"http:\/\/ttravel.ch\/de\/#organization","name":"T Travel","url":"http:\/\/ttravel.ch\/de\/","logo":{"@type":"ImageObject","inLanguage":"de","@id":"http:\/\/ttravel.ch\/de\/#\/schema\/logo\/image\/","url":"http:\/\/ttravel.ch\/wp-content\/uploads\/2021\/06\/ttravel-logo.png","contentUrl":"http:\/\/ttravel.ch\/wp-content\/uploads\/2021\/06\/ttravel-logo.png","width":350,"height":73,"caption":"T Travel"},"image":{"@id":"http:\/\/ttravel.ch\/de\/#\/schema\/logo\/image\/"}}]}},"_links":{"self":[{"href":"http:\/\/ttravel.ch\/de\/wp-json\/wp\/v2\/pages\/1242","targetHints":{"allow":["GET"]}}],"collection":[{"href":"http:\/\/ttravel.ch\/de\/wp-json\/wp\/v2\/pages"}],"about":[{"href":"http:\/\/ttravel.ch\/de\/wp-json\/wp\/v2\/types\/page"}],"author":[{"embeddable":true,"href":"http:\/\/ttravel.ch\/de\/wp-json\/wp\/v2\/users\/1"}],"replies":[{"embeddable":true,"href":"http:\/\/ttravel.ch\/de\/wp-json\/wp\/v2\/comments?post=1242"}],"version-history":[{"count":7,"href":"http:\/\/ttravel.ch\/de\/wp-json\/wp\/v2\/pages\/1242\/revisions"}],"predecessor-version":[{"id":1337,"href":"http:\/\/ttravel.ch\/de\/wp-json\/wp\/v2\/pages\/1242\/revisions\/1337"}],"up":[{"embeddable":true,"href":"http:\/\/ttravel.ch\/de\/wp-json\/wp\/v2\/pages\/1205"}],"wp:attachment":[{"href":"http:\/\/ttravel.ch\/de\/wp-json\/wp\/v2\/media?parent=1242"}],"curies":[{"name":"wp","href":"https:\/\/api.w.org\/{rel}","templated":true}]}}