{"id":1248,"date":"2021-07-19T11:17:24","date_gmt":"2021-07-19T09:17:24","guid":{"rendered":"https:\/\/ttravel.ch\/dienstleistungen\/ristoranti\/"},"modified":"2022-02-10T14:12:38","modified_gmt":"2022-02-10T13:12:38","slug":"restaurants","status":"publish","type":"page","link":"http:\/\/ttravel.ch\/de\/dienstleistungen\/restaurants\/","title":{"rendered":"Restaurants"},"content":{"rendered":"\t\t<div data-elementor-type=\"wp-page\" data-elementor-id=\"1248\" class=\"elementor elementor-1248 elementor-651\">\n\t\t\t\t\t\t<section class=\"elementor-section elementor-top-section elementor-element elementor-element-2ec76529 elementor-section-full_width elementor-section-items-stretch head-page elementor-section-height-min-height elementor-section-content-middle elementor-section-height-default\" data-id=\"2ec76529\" data-element_type=\"section\" data-settings=\"{&quot;background_background&quot;:&quot;classic&quot;}\">\n\t\t\t\t\t\t<div class=\"elementor-container elementor-column-gap-default\">\n\t\t\t\t\t<div class=\"elementor-column elementor-col-100 elementor-top-column elementor-element elementor-element-5c55c390\" data-id=\"5c55c390\" data-element_type=\"column\" data-settings=\"{&quot;background_background&quot;:&quot;classic&quot;}\">\n\t\t\t<div class=\"elementor-widget-wrap elementor-element-populated\">\n\t\t\t\t\t\t<div class=\"elementor-element elementor-element-3418167 elementor-widget elementor-widget-heading\" data-id=\"3418167\" data-element_type=\"widget\" data-widget_type=\"heading.default\">\n\t\t\t\t<div class=\"elementor-widget-container\">\n\t\t\t\t\t<h1 class=\"elementor-heading-title elementor-size-default\">Restaurantservice<\/h1>\t\t\t\t<\/div>\n\t\t\t\t<\/div>\n\t\t\t\t<div class=\"elementor-element elementor-element-ffcd0a6 elementor-widget elementor-widget-heading\" data-id=\"ffcd0a6\" data-element_type=\"widget\" data-widget_type=\"heading.default\">\n\t\t\t\t<div class=\"elementor-widget-container\">\n\t\t\t\t\t<h3 class=\"elementor-heading-title elementor-size-default\">GENIESSEN SIE DIE BESTEN LOKALEN SPEISEN UND WEINE IN DEN RESTAURANTS IHRES REISEZIELS<\/h3>\t\t\t\t<\/div>\n\t\t\t\t<\/div>\n\t\t\t\t\t<\/div>\n\t\t<\/div>\n\t\t\t\t\t<\/div>\n\t\t<\/section>\n\t\t\t\t<section class=\"elementor-section elementor-top-section elementor-element elementor-element-6182c7a elementor-section-stretched elementor-section-boxed elementor-section-height-default elementor-section-height-default\" data-id=\"6182c7a\" data-element_type=\"section\" data-settings=\"{&quot;stretch_section&quot;:&quot;section-stretched&quot;,&quot;background_background&quot;:&quot;classic&quot;}\">\n\t\t\t\t\t\t<div class=\"elementor-container elementor-column-gap-default\">\n\t\t\t\t\t<div class=\"elementor-column elementor-col-50 elementor-top-column elementor-element elementor-element-522b05b\" data-id=\"522b05b\" data-element_type=\"column\">\n\t\t\t<div class=\"elementor-widget-wrap elementor-element-populated\">\n\t\t\t\t\t\t<div class=\"elementor-element elementor-element-65bcfc1 elementor-widget elementor-widget-heading\" data-id=\"65bcfc1\" data-element_type=\"widget\" data-widget_type=\"heading.default\">\n\t\t\t\t<div class=\"elementor-widget-container\">\n\t\t\t\t\t<h2 class=\"elementor-heading-title elementor-size-default\">Eine sorgf\u00e4ltige Auswahl der besten Gastronomiebetriebe, die die h\u00f6chsten Qualit\u00e4tsstandards garantieren k\u00f6nnen<\/h2>\t\t\t\t<\/div>\n\t\t\t\t<\/div>\n\t\t\t\t\t<\/div>\n\t\t<\/div>\n\t\t\t\t<div class=\"elementor-column elementor-col-50 elementor-top-column elementor-element elementor-element-a2bdfa3\" data-id=\"a2bdfa3\" data-element_type=\"column\">\n\t\t\t<div class=\"elementor-widget-wrap elementor-element-populated\">\n\t\t\t\t\t\t<div class=\"elementor-element elementor-element-e6975b7 elementor-widget elementor-widget-text-editor\" data-id=\"e6975b7\" data-element_type=\"widget\" data-widget_type=\"text-editor.default\">\n\t\t\t\t<div class=\"elementor-widget-container\">\n\t\t\t\t\t\t\t\t\t<p>F\u00fcr viele Menschen ist das Thema Essen und Wein ein \u00e4u\u00dferst wichtiger Aspekt bei der Planung und Auswahl ihres Urlaubs. Aus diesem Grund ist es f\u00fcr einen erstklassigen Reiseveranstalter unabdingbar, seinen Kunden einen ausgezeichneten Restaurantservice zu bieten.<\/p><p>Es hei\u00dft gemeinhin, dass der Appetit mit dem Essen kommt, aber in Wirklichkeit kommt er mit dem Fasten, wie der gro\u00dfe Tot\u00f2 zu sagen pflegte. T Travel steht Ihnen auch bei der Auswahl und Empfehlung der besten Gastronomiebetriebe zur Verf\u00fcgung und bietet Ihnen nur die qualitativ hochwertigsten und empfehlenswertesten Lokale in der N\u00e4he der Orte an, die Sie w\u00e4hrend Ihres Urlaubs besuchen oder wo sie \u00fcbernachten werden.<\/p>\t\t\t\t\t\t\t\t<\/div>\n\t\t\t\t<\/div>\n\t\t\t\t\t<\/div>\n\t\t<\/div>\n\t\t\t\t\t<\/div>\n\t\t<\/section>\n\t\t\t\t<section class=\"elementor-section elementor-top-section elementor-element elementor-element-412ab5c elementor-section-stretched elementor-section-boxed elementor-section-height-default elementor-section-height-default\" data-id=\"412ab5c\" data-element_type=\"section\" data-settings=\"{&quot;stretch_section&quot;:&quot;section-stretched&quot;,&quot;background_background&quot;:&quot;classic&quot;}\">\n\t\t\t\t\t\t<div class=\"elementor-container elementor-column-gap-default\">\n\t\t\t\t\t<div class=\"elementor-column elementor-col-50 elementor-top-column elementor-element elementor-element-6baa9a6\" data-id=\"6baa9a6\" data-element_type=\"column\">\n\t\t\t<div class=\"elementor-widget-wrap elementor-element-populated\">\n\t\t\t\t\t\t<div class=\"elementor-element elementor-element-5ca29fa elementor-widget elementor-widget-text-editor\" data-id=\"5ca29fa\" data-element_type=\"widget\" data-widget_type=\"text-editor.default\">\n\t\t\t\t<div class=\"elementor-widget-container\">\n\t\t\t\t\t\t\t\t\t<p>Unser Unternehmen empfiehlt Ihnen nur die besten Restaurants. Wir w\u00e4hlen nicht nur Sternerestaurants aus, sondern alle Betriebe, die von unseren Mitarbeitern pers\u00f6nlich getestet wurden und Ihnen die besten Qualit\u00e4tsstandards hinsichtlich der Speisen und Weine, des Service und der Location selbst bieten k\u00f6nnen.<\/p><p>Sich auf die gro\u00dfe Erfahrung und die Professionalit\u00e4t von T Travel zu verlassen, bedeutet auch, dass Sie garantiert die besten Restaurants in der Region besuchen werden, in der Sie Ihren Urlaub verbringen.<\/p>\t\t\t\t\t\t\t\t<\/div>\n\t\t\t\t<\/div>\n\t\t\t\t<div class=\"elementor-element elementor-element-e75ff84 elementor-widget elementor-widget-button\" data-id=\"e75ff84\" data-element_type=\"widget\" data-widget_type=\"button.default\">\n\t\t\t\t<div class=\"elementor-widget-container\">\n\t\t\t\t\t\t\t\t\t<div class=\"elementor-button-wrapper\">\n\t\t\t\t\t<a class=\"elementor-button elementor-button-link elementor-size-sm\" href=\"\/de\/kontakt\/\">\n\t\t\t\t\t\t<span class=\"elementor-button-content-wrapper\">\n\t\t\t\t\t\t\t\t\t<span class=\"elementor-button-text\">Buchen Sie Ihre Reise mit uns<\/span>\n\t\t\t\t\t<\/span>\n\t\t\t\t\t<\/a>\n\t\t\t\t<\/div>\n\t\t\t\t\t\t\t\t<\/div>\n\t\t\t\t<\/div>\n\t\t\t\t\t<\/div>\n\t\t<\/div>\n\t\t\t\t<div class=\"elementor-column elementor-col-50 elementor-top-column elementor-element elementor-element-508821c\" data-id=\"508821c\" data-element_type=\"column\">\n\t\t\t<div class=\"elementor-widget-wrap elementor-element-populated\">\n\t\t\t\t\t\t<div class=\"elementor-element elementor-element-f0e3ce7 elementor-widget elementor-widget-image\" data-id=\"f0e3ce7\" data-element_type=\"widget\" data-widget_type=\"image.default\">\n\t\t\t\t<div class=\"elementor-widget-container\">\n\t\t\t\t\t\t\t\t\t\t\t\t\t\t\t<img fetchpriority=\"high\" decoding=\"async\" width=\"1024\" height=\"768\" src=\"https:\/\/ttravel.ch\/wp-content\/uploads\/2021\/07\/ttravel-servizio-ristorante-1024x768.jpg\" class=\"attachment-large size-large wp-image-1050\" alt=\"\" srcset=\"https:\/\/ttravel.ch\/wp-content\/uploads\/2021\/07\/ttravel-servizio-ristorante-1024x768.jpg 1024w, https:\/\/ttravel.ch\/wp-content\/uploads\/2021\/07\/ttravel-servizio-ristorante-300x225.jpg 300w, https:\/\/ttravel.ch\/wp-content\/uploads\/2021\/07\/ttravel-servizio-ristorante-768x576.jpg 768w, https:\/\/ttravel.ch\/wp-content\/uploads\/2021\/07\/ttravel-servizio-ristorante.jpg 1100w\" sizes=\"(max-width: 1024px) 100vw, 1024px\" \/>\t\t\t\t\t\t\t\t\t\t\t\t\t\t\t<\/div>\n\t\t\t\t<\/div>\n\t\t\t\t\t<\/div>\n\t\t<\/div>\n\t\t\t\t\t<\/div>\n\t\t<\/section>\n\t\t\t\t<\/div>\n\t\t","protected":false},"excerpt":{"rendered":"<p>Restaurantservice GENIESSEN SIE DIE BESTEN LOKALEN SPEISEN UND WEINE IN DEN RESTAURANTS IHRES REISEZIELS Eine sorgf\u00e4ltige Auswahl der besten Gastronomiebetriebe, die die h\u00f6chsten Qualit\u00e4tsstandards garantieren k\u00f6nnen F\u00fcr viele Menschen ist das Thema Essen und Wein ein \u00e4u\u00dferst wichtiger Aspekt bei der Planung und Auswahl ihres Urlaubs. Aus diesem Grund ist es f\u00fcr einen erstklassigen Reiseveranstalter &#8230; <a title=\"Restaurants\" class=\"read-more\" href=\"http:\/\/ttravel.ch\/de\/dienstleistungen\/restaurants\/\" aria-label=\"Mehr dazu unter Restaurants\">Weiterlesen<\/a><\/p>\n","protected":false},"author":1,"featured_media":0,"parent":1205,"menu_order":0,"comment_status":"closed","ping_status":"closed","template":"","meta":{"footnotes":"","_links_to":"","_links_to_target":""},"class_list":["post-1248","page","type-page","status-publish"],"yoast_head":"<!-- This site is optimized with the Yoast SEO plugin v26.7 - https:\/\/yoast.com\/wordpress\/plugins\/seo\/ -->\n<title>Restaurantservice | T Travel Turismo<\/title>\n<meta name=\"description\" content=\"Geniessen sie die besten lokalen speisen und weine in den restaurants ihres reiseziels.\" \/>\n<meta name=\"robots\" content=\"index, follow, max-snippet:-1, max-image-preview:large, max-video-preview:-1\" \/>\n<link rel=\"canonical\" href=\"http:\/\/ttravel.ch\/de\/dienstleistungen\/restaurants\/\" \/>\n<meta property=\"og:locale\" content=\"de_DE\" \/>\n<meta property=\"og:type\" content=\"article\" \/>\n<meta property=\"og:title\" content=\"Restaurantservice | T Travel Turismo\" \/>\n<meta property=\"og:description\" content=\"Geniessen sie die besten lokalen speisen und weine in den restaurants ihres reiseziels.\" \/>\n<meta property=\"og:url\" content=\"http:\/\/ttravel.ch\/de\/dienstleistungen\/restaurants\/\" \/>\n<meta property=\"og:site_name\" content=\"T Travel\" \/>\n<meta property=\"article:modified_time\" content=\"2022-02-10T13:12:38+00:00\" \/>\n<meta property=\"og:image\" content=\"http:\/\/ttravel.ch\/wp-content\/uploads\/2021\/07\/ttravel-servizio-ristorante-1024x768.jpg\" \/>\n<meta name=\"twitter:card\" content=\"summary_large_image\" \/>\n<meta name=\"twitter:label1\" content=\"Gesch\u00e4tzte Lesezeit\" \/>\n\t<meta name=\"twitter:data1\" content=\"2\u00a0Minuten\" \/>\n<script type=\"application\/ld+json\" class=\"yoast-schema-graph\">{\"@context\":\"https:\/\/schema.org\",\"@graph\":[{\"@type\":\"WebPage\",\"@id\":\"http:\/\/ttravel.ch\/de\/dienstleistungen\/restaurants\/\",\"url\":\"http:\/\/ttravel.ch\/de\/dienstleistungen\/restaurants\/\",\"name\":\"Restaurantservice | T Travel Turismo\",\"isPartOf\":{\"@id\":\"http:\/\/ttravel.ch\/de\/#website\"},\"primaryImageOfPage\":{\"@id\":\"http:\/\/ttravel.ch\/de\/dienstleistungen\/restaurants\/#primaryimage\"},\"image\":{\"@id\":\"http:\/\/ttravel.ch\/de\/dienstleistungen\/restaurants\/#primaryimage\"},\"thumbnailUrl\":\"http:\/\/ttravel.ch\/wp-content\/uploads\/2021\/07\/ttravel-servizio-ristorante-1024x768.jpg\",\"datePublished\":\"2021-07-19T09:17:24+00:00\",\"dateModified\":\"2022-02-10T13:12:38+00:00\",\"description\":\"Geniessen sie die besten lokalen speisen und weine in den restaurants ihres reiseziels.\",\"breadcrumb\":{\"@id\":\"http:\/\/ttravel.ch\/de\/dienstleistungen\/restaurants\/#breadcrumb\"},\"inLanguage\":\"de\",\"potentialAction\":[{\"@type\":\"ReadAction\",\"target\":[\"http:\/\/ttravel.ch\/de\/dienstleistungen\/restaurants\/\"]}]},{\"@type\":\"ImageObject\",\"inLanguage\":\"de\",\"@id\":\"http:\/\/ttravel.ch\/de\/dienstleistungen\/restaurants\/#primaryimage\",\"url\":\"http:\/\/ttravel.ch\/wp-content\/uploads\/2021\/07\/ttravel-servizio-ristorante-1024x768.jpg\",\"contentUrl\":\"http:\/\/ttravel.ch\/wp-content\/uploads\/2021\/07\/ttravel-servizio-ristorante-1024x768.jpg\"},{\"@type\":\"BreadcrumbList\",\"@id\":\"http:\/\/ttravel.ch\/de\/dienstleistungen\/restaurants\/#breadcrumb\",\"itemListElement\":[{\"@type\":\"ListItem\",\"position\":1,\"name\":\"Home\",\"item\":\"https:\/\/ttravel.ch\/de\/\"},{\"@type\":\"ListItem\",\"position\":2,\"name\":\"Dienstleistungen\",\"item\":\"http:\/\/ttravel.ch\/de\/dienstleistungen\/\"},{\"@type\":\"ListItem\",\"position\":3,\"name\":\"Restaurants\"}]},{\"@type\":\"WebSite\",\"@id\":\"http:\/\/ttravel.ch\/de\/#website\",\"url\":\"http:\/\/ttravel.ch\/de\/\",\"name\":\"T Travel\",\"description\":\"Trasporti Privati\",\"publisher\":{\"@id\":\"http:\/\/ttravel.ch\/de\/#organization\"},\"potentialAction\":[{\"@type\":\"SearchAction\",\"target\":{\"@type\":\"EntryPoint\",\"urlTemplate\":\"http:\/\/ttravel.ch\/de\/?s={search_term_string}\"},\"query-input\":{\"@type\":\"PropertyValueSpecification\",\"valueRequired\":true,\"valueName\":\"search_term_string\"}}],\"inLanguage\":\"de\"},{\"@type\":\"Organization\",\"@id\":\"http:\/\/ttravel.ch\/de\/#organization\",\"name\":\"T Travel\",\"url\":\"http:\/\/ttravel.ch\/de\/\",\"logo\":{\"@type\":\"ImageObject\",\"inLanguage\":\"de\",\"@id\":\"http:\/\/ttravel.ch\/de\/#\/schema\/logo\/image\/\",\"url\":\"http:\/\/ttravel.ch\/wp-content\/uploads\/2021\/06\/ttravel-logo.png\",\"contentUrl\":\"http:\/\/ttravel.ch\/wp-content\/uploads\/2021\/06\/ttravel-logo.png\",\"width\":350,\"height\":73,\"caption\":\"T Travel\"},\"image\":{\"@id\":\"http:\/\/ttravel.ch\/de\/#\/schema\/logo\/image\/\"}}]}<\/script>\n<!-- \/ Yoast SEO plugin. -->","yoast_head_json":{"title":"Restaurantservice | T Travel Turismo","description":"Geniessen sie die besten lokalen speisen und weine in den restaurants ihres reiseziels.","robots":{"index":"index","follow":"follow","max-snippet":"max-snippet:-1","max-image-preview":"max-image-preview:large","max-video-preview":"max-video-preview:-1"},"canonical":"http:\/\/ttravel.ch\/de\/dienstleistungen\/restaurants\/","og_locale":"de_DE","og_type":"article","og_title":"Restaurantservice | T Travel Turismo","og_description":"Geniessen sie die besten lokalen speisen und weine in den restaurants ihres reiseziels.","og_url":"http:\/\/ttravel.ch\/de\/dienstleistungen\/restaurants\/","og_site_name":"T Travel","article_modified_time":"2022-02-10T13:12:38+00:00","og_image":[{"url":"http:\/\/ttravel.ch\/wp-content\/uploads\/2021\/07\/ttravel-servizio-ristorante-1024x768.jpg","type":"","width":"","height":""}],"twitter_card":"summary_large_image","twitter_misc":{"Gesch\u00e4tzte Lesezeit":"2\u00a0Minuten"},"schema":{"@context":"https:\/\/schema.org","@graph":[{"@type":"WebPage","@id":"http:\/\/ttravel.ch\/de\/dienstleistungen\/restaurants\/","url":"http:\/\/ttravel.ch\/de\/dienstleistungen\/restaurants\/","name":"Restaurantservice | T Travel Turismo","isPartOf":{"@id":"http:\/\/ttravel.ch\/de\/#website"},"primaryImageOfPage":{"@id":"http:\/\/ttravel.ch\/de\/dienstleistungen\/restaurants\/#primaryimage"},"image":{"@id":"http:\/\/ttravel.ch\/de\/dienstleistungen\/restaurants\/#primaryimage"},"thumbnailUrl":"http:\/\/ttravel.ch\/wp-content\/uploads\/2021\/07\/ttravel-servizio-ristorante-1024x768.jpg","datePublished":"2021-07-19T09:17:24+00:00","dateModified":"2022-02-10T13:12:38+00:00","description":"Geniessen sie die besten lokalen speisen und weine in den restaurants ihres reiseziels.","breadcrumb":{"@id":"http:\/\/ttravel.ch\/de\/dienstleistungen\/restaurants\/#breadcrumb"},"inLanguage":"de","potentialAction":[{"@type":"ReadAction","target":["http:\/\/ttravel.ch\/de\/dienstleistungen\/restaurants\/"]}]},{"@type":"ImageObject","inLanguage":"de","@id":"http:\/\/ttravel.ch\/de\/dienstleistungen\/restaurants\/#primaryimage","url":"http:\/\/ttravel.ch\/wp-content\/uploads\/2021\/07\/ttravel-servizio-ristorante-1024x768.jpg","contentUrl":"http:\/\/ttravel.ch\/wp-content\/uploads\/2021\/07\/ttravel-servizio-ristorante-1024x768.jpg"},{"@type":"BreadcrumbList","@id":"http:\/\/ttravel.ch\/de\/dienstleistungen\/restaurants\/#breadcrumb","itemListElement":[{"@type":"ListItem","position":1,"name":"Home","item":"https:\/\/ttravel.ch\/de\/"},{"@type":"ListItem","position":2,"name":"Dienstleistungen","item":"http:\/\/ttravel.ch\/de\/dienstleistungen\/"},{"@type":"ListItem","position":3,"name":"Restaurants"}]},{"@type":"WebSite","@id":"http:\/\/ttravel.ch\/de\/#website","url":"http:\/\/ttravel.ch\/de\/","name":"T Travel","description":"Trasporti Privati","publisher":{"@id":"http:\/\/ttravel.ch\/de\/#organization"},"potentialAction":[{"@type":"SearchAction","target":{"@type":"EntryPoint","urlTemplate":"http:\/\/ttravel.ch\/de\/?s={search_term_string}"},"query-input":{"@type":"PropertyValueSpecification","valueRequired":true,"valueName":"search_term_string"}}],"inLanguage":"de"},{"@type":"Organization","@id":"http:\/\/ttravel.ch\/de\/#organization","name":"T Travel","url":"http:\/\/ttravel.ch\/de\/","logo":{"@type":"ImageObject","inLanguage":"de","@id":"http:\/\/ttravel.ch\/de\/#\/schema\/logo\/image\/","url":"http:\/\/ttravel.ch\/wp-content\/uploads\/2021\/06\/ttravel-logo.png","contentUrl":"http:\/\/ttravel.ch\/wp-content\/uploads\/2021\/06\/ttravel-logo.png","width":350,"height":73,"caption":"T Travel"},"image":{"@id":"http:\/\/ttravel.ch\/de\/#\/schema\/logo\/image\/"}}]}},"_links":{"self":[{"href":"http:\/\/ttravel.ch\/de\/wp-json\/wp\/v2\/pages\/1248","targetHints":{"allow":["GET"]}}],"collection":[{"href":"http:\/\/ttravel.ch\/de\/wp-json\/wp\/v2\/pages"}],"about":[{"href":"http:\/\/ttravel.ch\/de\/wp-json\/wp\/v2\/types\/page"}],"author":[{"embeddable":true,"href":"http:\/\/ttravel.ch\/de\/wp-json\/wp\/v2\/users\/1"}],"replies":[{"embeddable":true,"href":"http:\/\/ttravel.ch\/de\/wp-json\/wp\/v2\/comments?post=1248"}],"version-history":[{"count":7,"href":"http:\/\/ttravel.ch\/de\/wp-json\/wp\/v2\/pages\/1248\/revisions"}],"predecessor-version":[{"id":1346,"href":"http:\/\/ttravel.ch\/de\/wp-json\/wp\/v2\/pages\/1248\/revisions\/1346"}],"up":[{"embeddable":true,"href":"http:\/\/ttravel.ch\/de\/wp-json\/wp\/v2\/pages\/1205"}],"wp:attachment":[{"href":"http:\/\/ttravel.ch\/de\/wp-json\/wp\/v2\/media?parent=1248"}],"curies":[{"name":"wp","href":"https:\/\/api.w.org\/{rel}","templated":true}]}}